{"id":74402,"date":"2018-03-09T08:39:40","date_gmt":"2018-03-09T08:39:40","guid":{"rendered":"https:\/\/pellikaan.com\/home\/"},"modified":"2026-04-10T19:20:42","modified_gmt":"2026-04-10T17:20:42","slug":"startseite-2","status":"publish","type":"page","link":"https:\/\/pellikaan.com\/de\/","title":{"rendered":"Startseite"},"content":{"rendered":"<div class=\"wpb-content-wrapper\"><p>[vc_row unlock_row=&#8220;&#8220; row_height_percent=&#8220;0&#8243; override_padding=&#8220;yes&#8220; h_padding=&#8220;0&#8243; top_padding=&#8220;0&#8243; bottom_padding=&#8220;0&#8243; overlay_alpha=&#8220;100&#8243; gutter_size=&#8220;100&#8243; column_width_percent=&#8220;100&#8243; shift_y=&#8220;0&#8243; z_index=&#8220;0&#8243; style=&#8220;inherited&#8220; row_name=&#8220;welkom&#8220; uncode_shortcode_id=&#8220;232832&#8243; el_class=&#8220;default-spacing&#8220; css=&#8220;.vc_custom_1686138633179{padding-top: 80px !important;}&#8220;][vc_column width=&#8220;1\/12&#8243;][\/vc_column][vc_column column_width_use_pixel=&#8220;yes&#8220; align_horizontal=&#8220;align_center&#8220; gutter_size=&#8220;4&#8243; font_family=&#8220;font-134980&#8243; overlay_alpha=&#8220;100&#8243; shift_x=&#8220;0&#8243; shift_y=&#8220;0&#8243; medium_width=&#8220;0&#8243; zoom_width=&#8220;0&#8243; zoom_height=&#8220;0&#8243; width=&#8220;2\/3&#8243;][vc_column_text css_animation=&#8220;bottom-t-top&#8220; animation_speed=&#8220;200&#8243; animation_delay=&#8220;200&#8243; el_class=&#8220;heading40&#8243;]<\/p>\n<h2 class=\"p1\" style=\"text-align: left;\"><span class=\"s1\"><b>Das Gen zum Bauen liegt bei Pellikaan in der Familie<\/b><\/span><\/h2>\n<p>[\/vc_column_text][vc_column_text css_animation=&#8220;right-t-left&#8220; animation_speed=&#8220;200&#8243; animation_delay=&#8220;500&#8243; el_class=&#8220;font22&#8243;]<\/p>\n<p class=\"p1\" style=\"text-align: left;\">Bauen mit Menschen \u2013 Bauen f\u00fcr Menschen. Unsere Konstruktionen legen die Basis f\u00fcr die wichtigsten gesellschaftlichen S\u00e4ulen: Bildung, Arbeit und Freizeit. Dabei denken wir nicht nur an morgen, sondern auch an die fernere Zukunft. Wir bauen nachhaltig, effizient und mit hohem Wohlf\u00fchlfaktor.<\/p>\n<p style=\"text-align: left;\">Welchen Traum d\u00fcrfen wir f\u00fcr Sie lebendig werden lassen?<\/p>\n<p>[\/vc_column_text][vc_button button_color=&#8220;color-210407&#8243; size=&#8220;btn-lg&#8220; radius=&#8220;btn-square&#8220; custom_typo=&#8220;yes&#8220; font_family=&#8220;font-130943&#8243; font_weight=&#8220;600&#8243; text_transform=&#8220;capitalize&#8220; border_width=&#8220;0&#8243; css_animation=&#8220;bottom-t-top&#8220; animation_speed=&#8220;200&#8243; animation_delay=&#8220;700&#8243; el_class=&#8220;button16&#8243; link=&#8220;url:https%3A%2F%2Fpellikaan.com%2Fde%2Fueber-pellikaan%2F|||&#8220;]Entdecken Sie Pellikaan[\/vc_button][\/vc_column][vc_column width=&#8220;1\/4&#8243;][\/vc_column][\/vc_row][vc_row row_height_percent=&#8220;0&#8243; overlay_alpha=&#8220;50&#8243; gutter_size=&#8220;3&#8243; column_width_percent=&#8220;100&#8243; shift_y=&#8220;0&#8243; z_index=&#8220;0&#8243; el_class=&#8220;homeexp default-spacing&#8220; uncode_shortcode_id=&#8220;178270&#8243;][vc_column width=&#8220;1\/1&#8243;][vc_column_text]<div class=\"exp_cover wpb_row row-inner\"><div class=\"title-area col-lg-4\"><h2>Ein einziger Partner f\u00fcr Ihr gesamtes Projekt<\/h2><p>Von den ersten Ideen bis weit nach der Er\u00f6ffnung \u2013 unser Team k\u00fcmmert sich um alle Aspekte Ihres Projekts.<\/p><div class=\"btn-container\"><a href=\"\/de\/spezialisierungen\/\" class=\"custom-link btn btn-lg\">Unsere Spezialisierungen<\/a><\/div><\/div><div class=\"col-lg-2\"><\/div><div class=\"content_column col-lg-6\"><div class=\"wpb_row row-inner expertises_container\"><a href=\"\/de\/spezialisierungen\/entwerfen\/\" class=\"col-lg-6 single-item 0\"><div class=\"imagecover\"><img decoding=\"async\" src=\"https:\/\/pellikaan.com\/wp-content\/uploads\/2018\/03\/design-pellikaan-header.jpg\" \/><\/div><div class=\"content-part\"><p class=\"title\">Entwerfen<\/p><p class=\"subtitle\">Wohldurchdachtes Design<\/p><\/div><\/a><a href=\"\/de\/spezialisierungen\/bauen\/\" class=\"col-lg-6 single-item 1\"><div class=\"imagecover\"><img decoding=\"async\" src=\"https:\/\/pellikaan.com\/wp-content\/uploads\/2018\/03\/build-pellikaan-header.jpg\" \/><\/div><div class=\"content-part\"><p class=\"title\">Bauen<\/p><p class=\"subtitle\">Gl\u00fcckliche Gesichter auf beiden Seiten<\/p><\/div><\/a><a href=\"\/de\/spezialisierungen\/betreiben\/\" class=\"col-lg-6 single-item 2\"><div class=\"imagecover\"><img decoding=\"async\" src=\"https:\/\/pellikaan.com\/wp-content\/uploads\/2018\/03\/operate-pellikaan-header.jpg\" \/><\/div><div class=\"content-part\"><p class=\"title\">Betreiben<\/p><p class=\"subtitle\">Innovation trifft auf Bew\u00e4hrtes<\/p><\/div><\/a><a href=\"\/de\/spezialisierungen\/instandhalten\/\" class=\"col-lg-6 single-item 3\"><div class=\"imagecover\"><img decoding=\"async\" src=\"https:\/\/pellikaan.com\/wp-content\/uploads\/2018\/03\/maintain-pellikaan-header.jpg\" \/><\/div><div class=\"content-part\"><p class=\"title\">Instandhalten<\/p><p class=\"subtitle\">Heute das Fundament f\u00fcr morgen legen<\/p><\/div><\/a><\/div><\/div><\/div>[\/vc_column_text][\/vc_column][\/vc_row][vc_row unlock_row_content=&#8220;yes&#8220; row_height_percent=&#8220;0&#8243; override_padding=&#8220;yes&#8220; h_padding=&#8220;0&#8243; top_padding=&#8220;0&#8243; bottom_padding=&#8220;0&#8243; overlay_alpha=&#8220;50&#8243; gutter_size=&#8220;3&#8243; column_width_percent=&#8220;100&#8243; shift_y=&#8220;0&#8243; z_index=&#8220;0&#8243; uncode_shortcode_id=&#8220;318515&#8243; el_class=&#8220;default-spacing projectenshort&#8220;][vc_column width=&#8220;1\/1&#8243;][vc_column_text]<div class=\"proj_cover\"><div class=\"head\"><div class=\"heading35\"><h2>Unsere Projekte<\/h2><\/div>\n\t\t\t<a href=\"\/de\/projekte-2\/\" class=\"simple_link\">\n\t\t\t\t<span>Alle Projekte anzeigen<\/span>\n\t\t\t\t<svg width=\"16\" height=\"12\" viewBox=\"0 0 16 12\" fill=\"none\" xmlns=\"http:\/\/www.w3.org\/2000\/svg\">\n\t\t\t\t\t<path fill-rule=\"evenodd\" clip-rule=\"evenodd\" d=\"M10.5101 0L9.06177 1.31174L12.4673 5.02348H0V6.9668H12.4673L9.06177 10.6883L10.5101 12L16 5.99514L10.5101 0Z\" fill=\"#346088\"\/>\n\t\t\t\t<\/svg>\n\t\t\t<\/a>\n\t\t<\/div><div class=\"proj_inner_cover\"><div class=\"projecten-slider\"><div id=\"projecten_slide\" class=\"pro_state\"><div class=\"slide\">\n\t\t\t\t\t\t<a href=\"https:\/\/pellikaan.com\/de\/projekte\/sportkomplex-mohnweg-bergisch-gladbach\/\">\n\t\t\t\t\t\t\t<div class=\"bgi\">\n\t\t\t\t\t\t\t\t<img decoding=\"async\" src=\"https:\/\/pellikaan.com\/wp-content\/uploads\/2025\/09\/20250826-Sportkomplex-Mohnweg-0173-web.jpg\" \/>\n\t\t\t\t\t\t\t<\/div>\n\t\t\t\t\t\t<\/a>\n\t\t\t\t\t<\/div><div class=\"slide\">\n\t\t\t\t\t\t<a href=\"https:\/\/pellikaan.com\/de\/projekte\/sportbad-in-ibbenbueren\/\">\n\t\t\t\t\t\t\t<div class=\"bgi\">\n\t\t\t\t\t\t\t\t<img decoding=\"async\" src=\"https:\/\/pellikaan.com\/wp-content\/uploads\/2025\/03\/Ibbenbueren-1.jpg\" \/>\n\t\t\t\t\t\t\t<\/div>\n\t\t\t\t\t\t<\/a>\n\t\t\t\t\t<\/div><div class=\"slide\">\n\t\t\t\t\t\t<a href=\"https:\/\/pellikaan.com\/de\/projekte\/hallenbad-in-wenden\/\">\n\t\t\t\t\t\t\t<div class=\"bgi\">\n\t\t\t\t\t\t\t\t<img decoding=\"async\" src=\"https:\/\/pellikaan.com\/wp-content\/uploads\/2025\/03\/250312-Wenden-scaled.jpg\" \/>\n\t\t\t\t\t\t\t<\/div>\n\t\t\t\t\t\t<\/a>\n\t\t\t\t\t<\/div><div class=\"slide\">\n\t\t\t\t\t\t<a href=\"https:\/\/pellikaan.com\/de\/projekte\/wohnanlage-dormagen-nievenheim\/\">\n\t\t\t\t\t\t\t<div class=\"bgi\">\n\t\t\t\t\t\t\t\t<img decoding=\"async\" src=\"https:\/\/pellikaan.com\/wp-content\/uploads\/2023\/11\/D-Copyright.png\" \/>\n\t\t\t\t\t\t\t<\/div>\n\t\t\t\t\t\t<\/a>\n\t\t\t\t\t<\/div><div class=\"slide\">\n\t\t\t\t\t\t<a href=\"https:\/\/pellikaan.com\/de\/projekte\/bildungszentrum-leijpark\/\">\n\t\t\t\t\t\t\t<div class=\"bgi\">\n\t\t\t\t\t\t\t\t<img decoding=\"async\" src=\"https:\/\/pellikaan.com\/wp-content\/uploads\/2025\/09\/LR-LC-Leijpark-Buitenfotos-7.jpg\" \/>\n\t\t\t\t\t\t\t<\/div>\n\t\t\t\t\t\t<\/a>\n\t\t\t\t\t<\/div><div class=\"slide\">\n\t\t\t\t\t\t<a href=\"https:\/\/pellikaan.com\/de\/projekte\/bedford-greenacre-independent-school\/\">\n\t\t\t\t\t\t\t<div class=\"bgi\">\n\t\t\t\t\t\t\t\t<img decoding=\"async\" src=\"https:\/\/pellikaan.com\/wp-content\/uploads\/2025\/07\/Greenacre-110625-007-copy-1500px-copy-web-1.jpg\" \/>\n\t\t\t\t\t\t\t<\/div>\n\t\t\t\t\t\t<\/a>\n\t\t\t\t\t<\/div><div class=\"slide\">\n\t\t\t\t\t\t<a href=\"https:\/\/pellikaan.com\/de\/projekte\/hallenbad-alsdorf\/\">\n\t\t\t\t\t\t\t<div class=\"bgi\">\n\t\t\t\t\t\t\t\t<img decoding=\"async\" src=\"https:\/\/pellikaan.com\/wp-content\/uploads\/2022\/12\/Annabad-Alsdorf-Sep-2024-0007-scaled.jpg\" \/>\n\t\t\t\t\t\t\t<\/div>\n\t\t\t\t\t\t<\/a>\n\t\t\t\t\t<\/div><div class=\"slide\">\n\t\t\t\t\t\t<a href=\"https:\/\/pellikaan.com\/de\/projekte\/freizeitbad-alm-in-arnsberg\/\">\n\t\t\t\t\t\t\t<div class=\"bgi\">\n\t\t\t\t\t\t\t\t<img decoding=\"async\" src=\"https:\/\/pellikaan.com\/wp-content\/uploads\/2024\/10\/03_3D-Presentatie-Arnsberg-Sud-West_2024-03-29.png\" \/>\n\t\t\t\t\t\t\t<\/div>\n\t\t\t\t\t\t<\/a>\n\t\t\t\t\t<\/div><\/div><div id=\"projecten_data_slide\" class=\"pro_state\"><div class=\"slide\">\n\t\t\t\t\t\t\t   <div class=\"content\">\n\t\t\t\t\t\t\t\t   <div class=\"inner-content clickblock\">\n\t\t\t\t\t\t\t\t\t   \t<h3><a href=\"https:\/\/pellikaan.com\/de\/projekte\/sportkomplex-mohnweg-bergisch-gladbach\/\">Sportkomplex am Mohnweg in Bergisch Gladbach<\/a><\/h3>\n\t\t\t\t\t\t\t\t\t   \t<div class=\"font22\"><p>Sportkomplex am Mohnweg: Besser als gedacht!...<\/p><\/div><div class=\"btn-container\"><a href=\"https:\/\/pellikaan.com\/de\/projekte\/sportkomplex-mohnweg-bergisch-gladbach\/\" class=\"custom-link btn btn-lg\">Projekt ansehen<\/a><\/div><\/div>\n\t\t\t\t\t\t\t\t<\/div>\n\t\t\t\t\t\t\t<\/div><div class=\"slide\">\n\t\t\t\t\t\t\t   <div class=\"content\">\n\t\t\t\t\t\t\t\t   <div class=\"inner-content clickblock\">\n\t\t\t\t\t\t\t\t\t   \t<h3><a href=\"https:\/\/pellikaan.com\/de\/projekte\/sportbad-in-ibbenbueren\/\">Sportbad in Ibbenb\u00fcren<\/a><\/h3>\n\t\t\t\t\t\t\t\t\t   \t<div class=\"font22\"><p>Fokus auf Nachhaltigkeit...<\/p><\/div><div class=\"btn-container\"><a href=\"https:\/\/pellikaan.com\/de\/projekte\/sportbad-in-ibbenbueren\/\" class=\"custom-link btn btn-lg\">Projekt ansehen<\/a><\/div><\/div>\n\t\t\t\t\t\t\t\t<\/div>\n\t\t\t\t\t\t\t<\/div><div class=\"slide\">\n\t\t\t\t\t\t\t   <div class=\"content\">\n\t\t\t\t\t\t\t\t   <div class=\"inner-content clickblock\">\n\t\t\t\t\t\t\t\t\t   \t<h3><a href=\"https:\/\/pellikaan.com\/de\/projekte\/hallenbad-in-wenden\/\">Hallenbad in Wenden<\/a><\/h3>\n\t\t\t\t\t\t\t\t\t   \t<div class=\"font22\"><p>Echtes Highlight...<\/p><\/div><div class=\"btn-container\"><a href=\"https:\/\/pellikaan.com\/de\/projekte\/hallenbad-in-wenden\/\" class=\"custom-link btn btn-lg\">Projekt ansehen<\/a><\/div><\/div>\n\t\t\t\t\t\t\t\t<\/div>\n\t\t\t\t\t\t\t<\/div><div class=\"slide\">\n\t\t\t\t\t\t\t   <div class=\"content\">\n\t\t\t\t\t\t\t\t   <div class=\"inner-content clickblock\">\n\t\t\t\t\t\t\t\t\t   \t<h3><a href=\"https:\/\/pellikaan.com\/de\/projekte\/wohnanlage-dormagen-nievenheim\/\">Neubau Wohnanlage in Dormagen-Nievenheim<\/a><\/h3>\n\t\t\t\t\t\t\t\t\t   \t<div class=\"font22\"><p>Neubauten in Holzmodulbauweise ...<\/p><\/div><div class=\"btn-container\"><a href=\"https:\/\/pellikaan.com\/de\/projekte\/wohnanlage-dormagen-nievenheim\/\" class=\"custom-link btn btn-lg\">Projekt ansehen<\/a><\/div><\/div>\n\t\t\t\t\t\t\t\t<\/div>\n\t\t\t\t\t\t\t<\/div><div class=\"slide\">\n\t\t\t\t\t\t\t   <div class=\"content\">\n\t\t\t\t\t\t\t\t   <div class=\"inner-content clickblock\">\n\t\t\t\t\t\t\t\t\t   \t<h3><a href=\"https:\/\/pellikaan.com\/de\/projekte\/bildungszentrum-leijpark\/\">Bildungszentrum Leijpark<\/a><\/h3>\n\t\t\t\t\t\t\t\t\t   \t<div class=\"font22\"><p>Bildungszentrum Leijpark ist ein neues Schulgeb\u00e4ude mit einer Bruttogeschossfl\u00e4che von 7.021 m\u00b2 f\u00fcr Kinder und Jugendliche die spezielle Unterst\u00fctzung beim Lernen und in ihrer Entwicklung ben\u00f6tigen....<\/p><\/div><div class=\"btn-container\"><a href=\"https:\/\/pellikaan.com\/de\/projekte\/bildungszentrum-leijpark\/\" class=\"custom-link btn btn-lg\">Projekt ansehen<\/a><\/div><\/div>\n\t\t\t\t\t\t\t\t<\/div>\n\t\t\t\t\t\t\t<\/div><div class=\"slide\">\n\t\t\t\t\t\t\t   <div class=\"content\">\n\t\t\t\t\t\t\t\t   <div class=\"inner-content clickblock\">\n\t\t\t\t\t\t\t\t\t   \t<h3><a href=\"https:\/\/pellikaan.com\/de\/projekte\/bedford-greenacre-independent-school\/\">Bedford Greenacre Independent School<\/a><\/h3>\n\t\t\t\t\t\t\t\t\t   \t<div class=\"font22\"><p>Die Greenacre Independent School ist eine zukunftsorientierte Bildungseinrichtung, die mit viel Sorgfalt gestaltet wurde, um jede Entwicklungsphase der Sch\u00fclerinnen und Sch\u00fcler optimal zu unterst\u00fctzen....<\/p><\/div><div class=\"btn-container\"><a href=\"https:\/\/pellikaan.com\/de\/projekte\/bedford-greenacre-independent-school\/\" class=\"custom-link btn btn-lg\">Projekt ansehen<\/a><\/div><\/div>\n\t\t\t\t\t\t\t\t<\/div>\n\t\t\t\t\t\t\t<\/div><div class=\"slide\">\n\t\t\t\t\t\t\t   <div class=\"content\">\n\t\t\t\t\t\t\t\t   <div class=\"inner-content clickblock\">\n\t\t\t\t\t\t\t\t\t   \t<h3><a href=\"https:\/\/pellikaan.com\/de\/projekte\/hallenbad-alsdorf\/\">Hallenbad Annabad in Alsdorf<\/a><\/h3>\n\t\t\t\t\t\t\t\t\t   \t<div class=\"font22\"><p>\"Alsdorf - voller Energie!\"...<\/p><\/div><div class=\"btn-container\"><a href=\"https:\/\/pellikaan.com\/de\/projekte\/hallenbad-alsdorf\/\" class=\"custom-link btn btn-lg\">Projekt ansehen<\/a><\/div><\/div>\n\t\t\t\t\t\t\t\t<\/div>\n\t\t\t\t\t\t\t<\/div><div class=\"slide\">\n\t\t\t\t\t\t\t   <div class=\"content\">\n\t\t\t\t\t\t\t\t   <div class=\"inner-content clickblock\">\n\t\t\t\t\t\t\t\t\t   \t<h3><a href=\"https:\/\/pellikaan.com\/de\/projekte\/freizeitbad-alm-in-arnsberg\/\">Schul- und Vereinsbad &#8222;Auf der Alm&#8220; in Arnsberg<\/a><\/h3>\n\t\t\t\t\t\t\t\t\t   \t<div class=\"font22\"><p>Erstes Hallenbad Deutschlands mit W\u00e4rmepumpe in Kombination mit PVT-Hybridkollektoren...<\/p><\/div><div class=\"btn-container\"><a href=\"https:\/\/pellikaan.com\/de\/projekte\/freizeitbad-alm-in-arnsberg\/\" class=\"custom-link btn btn-lg\">Projekt ansehen<\/a><\/div><\/div>\n\t\t\t\t\t\t\t\t<\/div>\n\t\t\t\t\t\t\t<\/div><\/div><div class=\"slider_navigation\"><div class=\"to_left\">\n\t\t\t\t\t\t<svg width=\"16\" height=\"12\" viewBox=\"0 0 16 12\" fill=\"none\" xmlns=\"http:\/\/www.w3.org\/2000\/svg\">\n\t\t\t\t\t\t\t<path fill-rule=\"evenodd\" clip-rule=\"evenodd\" d=\"M5.48991 0L6.93823 1.31174L3.53272 5.02348H16V6.9668H3.53272L6.93823 10.6883L5.48991 12L0 5.99514L5.48991 0Z\" fill=\"#346088\"\/>\n\t\t\t\t\t\t<\/svg><span>Vorheriges<\/span><\/div><div class=\"to_right\"><span>N\u00e4chstes<\/span><svg width=\"16\" height=\"12\" viewBox=\"0 0 16 12\" fill=\"none\" xmlns=\"http:\/\/www.w3.org\/2000\/svg\">\n\t\t\t\t\t\t\t<path fill-rule=\"evenodd\" clip-rule=\"evenodd\" d=\"M10.5101 0L9.06177 1.31174L12.4673 5.02348H0V6.9668H12.4673L9.06177 10.6883L10.5101 12L16 5.99514L10.5101 0Z\" fill=\"#346088\"\/>\n\t\t\t\t\t\t<\/svg>\n\t\t\t\t\t<\/div><\/div><\/div><\/div><\/div>[\/vc_column_text][\/vc_column][\/vc_row][vc_row row_height_percent=&#8220;0&#8243; override_padding=&#8220;yes&#8220; h_padding=&#8220;2&#8243; top_padding=&#8220;0&#8243; bottom_padding=&#8220;0&#8243; overlay_alpha=&#8220;50&#8243; gutter_size=&#8220;0&#8243; column_width_percent=&#8220;100&#8243; shift_y=&#8220;0&#8243; z_index=&#8220;0&#8243; uncode_shortcode_id=&#8220;476484&#8243; el_class=&#8220;default-spacing&#8220;][vc_column width=&#8220;1\/1&#8243;][vc_column_text uncode_shortcode_id=&#8220;630197&#8243;]<div class=\"cta_cover wpb_row row-inner light\"><div class=\"col-lg-1\"><\/div><div class=\"left col-md-5 col-lg-3\" style=\"background-image: url(https:\/\/pellikaan.com\/wp-content\/uploads\/2025\/11\/Gerrits-Paul-2-scaled.jpg)\"><div class=\"image-overlay\"><div class=\"naam\">Paul Gerrits<\/div><div class=\"role\">Gesch\u00e4ftsf\u00fchrer<\/div><\/div><\/div><div class=\"right col-md-7 col-lg-7\"><div class=\"content\"><h2>Haben Sie eine Frage? Wir helfen Ihnen gern weiter.<\/h2><div class=\"font20\"><p>Schicken Sie uns eine <a href=\"mailto:info@pellikaan.de\">Nachricht<\/a> oder rufen Sie uns an: <a class=\"phone-number\" href=\"tel:02102429060\">02102 42 90 60<\/a>.<\/p><\/div><span class=\"btn-container\"><a href=\"mailto:info@pellikaan.de\" class=\"custom-link btn btn-lg btn-icon-left\">Stellen Sie Ihre Frage<\/a><\/span><\/div><\/div><div class=\"col-lg-1\"><\/div><\/div>[\/vc_column_text][\/vc_column][\/vc_row]<\/p>\n<\/div>","protected":false},"excerpt":{"rendered":"<p>[vc_row unlock_row=&#8220;&#8220; row_height_percent=&#8220;0&#8243; override_padding=&#8220;yes&#8220; h_padding=&#8220;0&#8243; top_padding=&#8220;0&#8243; bottom_padding=&#8220;0&#8243; overlay_alpha=&#8220;100&#8243; gutter_size=&#8220;100&#8243; column_width_percent=&#8220;100&#8243; shift_y=&#8220;0&#8243; z_index=&#8220;0&#8243; style=&#8220;inherited&#8220; row_name=&#8220;welkom&#8220; uncode_shortcode_id=&#8220;232832&#8243; el_class=&#8220;default-spacing&#8220; css=&#8220;.vc_custom_1686138633179{padding-top: 80px !important;}&#8220;][vc_column width=&#8220;1\/12&#8243;][\/vc_column][vc_column [&hellip;]<\/p>\n","protected":false},"author":29,"featured_media":0,"parent":0,"menu_order":51,"comment_status":"closed","ping_status":"closed","template":"home-page.php","meta":{"_acf_changed":false,"footnotes":""},"class_list":["post-74402","page","type-page","status-publish","hentry"],"acf":[],"_links":{"self":[{"href":"https:\/\/pellikaan.com\/de\/wp-json\/wp\/v2\/pages\/74402","targetHints":{"allow":["GET"]}}],"collection":[{"href":"https:\/\/pellikaan.com\/de\/wp-json\/wp\/v2\/pages"}],"about":[{"href":"https:\/\/pellikaan.com\/de\/wp-json\/wp\/v2\/types\/page"}],"author":[{"embeddable":true,"href":"https:\/\/pellikaan.com\/de\/wp-json\/wp\/v2\/users\/29"}],"replies":[{"embeddable":true,"href":"https:\/\/pellikaan.com\/de\/wp-json\/wp\/v2\/comments?post=74402"}],"version-history":[{"count":2,"href":"https:\/\/pellikaan.com\/de\/wp-json\/wp\/v2\/pages\/74402\/revisions"}],"predecessor-version":[{"id":164938,"href":"https:\/\/pellikaan.com\/de\/wp-json\/wp\/v2\/pages\/74402\/revisions\/164938"}],"wp:attachment":[{"href":"https:\/\/pellikaan.com\/de\/wp-json\/wp\/v2\/media?parent=74402"}],"curies":[{"name":"wp","href":"https:\/\/api.w.org\/{rel}","templated":true}]}}