{"id":74384,"date":"2018-04-10T13:37:29","date_gmt":"2018-04-10T13:37:29","guid":{"rendered":"https:\/\/pellikaan.com\/over-pellikaan\/geschiedenis\/"},"modified":"2023-07-13T13:42:52","modified_gmt":"2023-07-13T11:42:52","slug":"geschichte","status":"publish","type":"page","link":"https:\/\/pellikaan.com\/de\/ueber-pellikaan\/geschichte\/","title":{"rendered":"Geschichte"},"content":{"rendered":"<div class=\"wpb-content-wrapper\"><p>[vc_row unlock_row_content=&#8220;yes&#8220; row_height_percent=&#8220;0&#8243; override_padding=&#8220;yes&#8220; h_padding=&#8220;2&#8243; top_padding=&#8220;0&#8243; bottom_padding=&#8220;2&#8243; overlay_alpha=&#8220;50&#8243; gutter_size=&#8220;3&#8243; column_width_percent=&#8220;100&#8243; shift_y=&#8220;0&#8243; z_index=&#8220;0&#8243; el_class=&#8220;fullsize-blog-right&#8220;][vc_column column_width_percent=&#8220;100&#8243; gutter_size=&#8220;3&#8243; back_color=&#8220;color-xsdn&#8220; overlay_alpha=&#8220;50&#8243; shift_x=&#8220;0&#8243; shift_y=&#8220;0&#8243; shift_y_down=&#8220;0&#8243; z_index=&#8220;0&#8243; medium_width=&#8220;0&#8243; mobile_width=&#8220;0&#8243; width=&#8220;9\/12&#8243;][vc_row_inner row_inner_height_percent=&#8220;0&#8243; overlay_alpha=&#8220;50&#8243; gutter_size=&#8220;3&#8243; shift_y=&#8220;0&#8243; z_index=&#8220;0&#8243;][vc_column_inner column_width_percent=&#8220;100&#8243; gutter_size=&#8220;3&#8243; back_color=&#8220;color-xsdn&#8220; overlay_alpha=&#8220;50&#8243; shift_x=&#8220;0&#8243; shift_y=&#8220;-5&#8243; shift_y_down=&#8220;0&#8243; z_index=&#8220;0&#8243; medium_width=&#8220;0&#8243; mobile_width=&#8220;0&#8243; width=&#8220;1\/1&#8243; el_class=&#8220;default-header-block-left&#8220;][vc_custom_heading heading_semantic=&#8220;h1&#8243; text_size=&#8220;h1&#8243;]<\/p>\n<h1>Seit 1947 unaufh\u00f6rlich in Bewegung<\/h1>\n<p>[\/vc_custom_heading][vc_column_text el_class=&#8220;sub_heading&#8220;]Wir schreiben das Jahr 1947: Der Unternehmer Henk Pellikaan f\u00e4hrt t\u00e4glich mit einem klapprigen Gef\u00e4hrt zu seiner Arbeit in Oosterhout. Sein erster Auftrag ist ein Projekt mit vierzig H\u00e4usern. Noch nicht ahnend, dass dies der Beginn eines noch viel gr\u00f6\u00dferen Abenteuers ist, legte er damit das Fundament von Pellikaan als Bauunternehmen.[\/vc_column_text][vc_column_text el_class=&#8220;body_text&#8220; uncode_shortcode_id=&#8220;454226&#8243;]\u201ePellikaan Bouwbedrijf\u201c baute fortan Wohnungen, Schulen und Industriegeb\u00e4ude. Dank weitsichtiger Entscheidungen und seines innovativen Charakters wuchs das Unternehmen w\u00e4hrenddessen stetig weiter. Es folgten Niederlassungen in Belgien (1967), Deutschland (1972) und England (1984). In den sechziger Jahren verlagerte Pellikaan den Schwerpunkt dabei immer weiter auf die Sportbranche.<\/p>\n<h2><strong>Vom Mitsingen der Nationalhymne zum Tennisplatz<\/strong><\/h2>\n<p>Gr\u00fcnder Henk war selbst eine wahre Sportskanone und schaffte es als Profifu\u00dfballer sogar bis in die niederl\u00e4ndische Nationalmannschaft! Nach dem Ende seiner Fu\u00dfballkarriere fand er im Tennis eine neue Liebe. \u2013 Und hasste es, wenn er das Racket nicht schwingen konnte, weil es regnete. Doch genau das brachte ihn auf eine Idee: Und so baute er 1963 eine Indoor-Sporthalle, deren Konzept zum Vorbild f\u00fcr eine ganze Reihe weiterer Sporthallen werden sollte. Die beliebte und bekannte \u201ePellikaanhalle\u201c schoss \u00fcberall in den Niederlanden wie Pilze aus dem Boden und f\u00fchrte schlie\u00dflich zu den ersten internationalen Projekten.<\/p>\n<h2><strong>Tennisclub mit gewissen Extras<\/strong><\/h2>\n<p>1975 erf\u00fcllte sich Henk mit dem <em>Pellikaan Tennisclub<\/em> einen langen Traum: Eine gro\u00dfe multifunktionale Sporthalle in Goirle. Und damit einen Komplex, der seiner Zeit weit voraus war. Gleichzeitig l\u00e4utete er damit den Beginn der Spezialisierung Pellikaans auf den Sportsektor ein. Noch heute dreht sich rund die H\u00e4lfte unserer Projekte rund um den Sport.<\/p>\n<h2><strong>Grenzenlose Erfindungsgabe<\/strong><\/h2>\n<p>Die innovative Tennishalle von Pellikaan markierte den Beginn vieler fruchtbarer internationaler Projekte. Die bei Bau und Betrieb gewonnenen Erkenntnisse und Erfahrungen sollten sich dabei als \u00e4u\u00dferst wertvoll f\u00fcr neue und gro\u00dfe Projekte erweisen.<\/p>\n<h2><strong>Club Pellikaan<\/strong><\/h2>\n<p>In den neunziger Jahren war es Henks Sohn Gerard, der ein v\u00f6llig neues, innovatives Konzept in den Niederlanden einf\u00fchrte: Die Realisierung eines kompletten Sportkomplexes inklusive Schwimmbad, Fitnessger\u00e4ten, Wellnessb\u00e4dern und Tennispl\u00e4tzen. Das Besondere au\u00dferdem: Die Nutzung war ausschlie\u00dflich Mitgliedern des <em>Pellikaan Health &amp; Racquet Clubs<\/em> vorbehalten. Das war neu und sorgte schnell f\u00fcr eine starke Bindung der Sportler. Heute hei\u00dft die Kette <em>Club Pellikaan<\/em> und verf\u00fcgt in den Niederlanden \u00fcber insgesamt sieben Niederlassungen.<\/p>\n<h2><strong>Heute und morgen<\/strong><\/h2>\n<p>Ungeachtet des gro\u00dfen Wachstums ist Pellikaan in den vergangenen f\u00fcnfundsiebzig Jahren stets ein Familienbetrieb geblieben \u2013 den Sie \u00fcbrigens gerne jederzeit besuchen k\u00f6nnen! Mittlerweile ist im Betrieb auch die dritte Generation Pellikaan unaufhaltsam in Bewegung: Dennis als treibender Kraft im Club Pellikaan, sein Bruder Roy im Bauunternehmen. Roy: \u201eHeute merken wir mehr denn je, wie wichtig die Zusammenarbeit bereits in einem m\u00f6glichst fr\u00fchen Stadium ist. Darum begr\u00fc\u00dfen wir BIM, die Nutzung von 3D-Modellen und den Einsatz von Lean Tools wie Pull Planning und Concurrent Engineering. Dar\u00fcber hinaus liegt unser Fokus noch immer auf der pers\u00f6nlichen Entwicklung unserer Mitarbeiter, dem gemeinsamen Feiern von Erfolgen, aber auch dem Teilen von Fehlern. So streben wir eine selbstlernende Organisation an, in der jeder Chancen erkennt und \u00fcber Wachstum und Erfolg verantwortlich mitbestimmt.\u201c[\/vc_column_text][\/vc_column_inner][\/vc_row_inner][\/vc_column][vc_column column_width_percent=&#8220;100&#8243; gutter_size=&#8220;3&#8243; back_color=&#8220;color-170804&#8243; overlay_alpha=&#8220;50&#8243; shift_x=&#8220;0&#8243; shift_y=&#8220;0&#8243; shift_y_down=&#8220;0&#8243; z_index=&#8220;0&#8243; medium_width=&#8220;0&#8243; mobile_width=&#8220;0&#8243; width=&#8220;3\/12&#8243;][vc_widget_sidebar sidebar_id=&#8220;uber_pellikaan_sidebar-de&#8220;][\/vc_column][\/vc_row][vc_row row_height_percent=&#8220;0&#8243; override_padding=&#8220;yes&#8220; h_padding=&#8220;2&#8243; top_padding=&#8220;0&#8243; bottom_padding=&#8220;0&#8243; overlay_alpha=&#8220;50&#8243; gutter_size=&#8220;0&#8243; column_width_percent=&#8220;100&#8243; shift_y=&#8220;0&#8243; z_index=&#8220;0&#8243; uncode_shortcode_id=&#8220;720326&#8243; el_class=&#8220;default-spacing main-cta-block&#8220;][vc_column width=&#8220;1\/1&#8243;][vc_column_text]<div class=\"cta_cover wpb_row row-inner dark\"><div class=\"col-lg-1\"><\/div><div class=\"left col-md-5 col-lg-3\" style=\"background-image: url(https:\/\/pellikaan.com\/wp-content\/uploads\/2018\/06\/paul-gerrits.jpg)\"><div class=\"image-overlay\"><div class=\"naam\">Paul Gerrits<\/div><div class=\"role\">Gesch\u00e4ftsf\u00fchrer<\/div><\/div><\/div><div class=\"right col-md-7 col-lg-7\"><div class=\"content\"><h2>Haben Sie eine Frage? Wir helfen Ihnen gern weiter.<\/h2><div class=\"font20\"><p>Schicken Sie uns eine <a href=\"mailto:info@pellikaan.de\">Nachricht<\/a> oder rufen Sie uns an: <a class=\"phone-number\" href=\"tel:02102429060\">02102 42 90 60<\/a>.<\/p><\/div><span class=\"btn-container\"><a href=\"mailto:info@pellikaan.de\" class=\"custom-link btn btn-lg btn-icon-left\">Stellen Sie Ihre Frage<\/a><\/span><\/div><\/div><div class=\"col-lg-1\"><\/div><\/div>[\/vc_column_text][\/vc_column][\/vc_row]<\/p>\n<\/div>","protected":false},"excerpt":{"rendered":"<p>[vc_row unlock_row_content=&#8220;yes&#8220; row_height_percent=&#8220;0&#8243; override_padding=&#8220;yes&#8220; h_padding=&#8220;2&#8243; top_padding=&#8220;0&#8243; bottom_padding=&#8220;2&#8243; overlay_alpha=&#8220;50&#8243; gutter_size=&#8220;3&#8243; column_width_percent=&#8220;100&#8243; shift_y=&#8220;0&#8243; z_index=&#8220;0&#8243; el_class=&#8220;fullsize-blog-right&#8220;][vc_column column_width_percent=&#8220;100&#8243; gutter_size=&#8220;3&#8243; back_color=&#8220;color-xsdn&#8220; overlay_alpha=&#8220;50&#8243; shift_x=&#8220;0&#8243; shift_y=&#8220;0&#8243; shift_y_down=&#8220;0&#8243; [&hellip;]<\/p>\n","protected":false},"author":29,"featured_media":74388,"parent":74346,"menu_order":45,"comment_status":"open","ping_status":"closed","template":"","meta":{"_acf_changed":false,"footnotes":""},"class_list":["post-74384","page","type-page","status-publish","has-post-thumbnail","hentry"],"acf":[],"_links":{"self":[{"href":"https:\/\/pellikaan.com\/de\/wp-json\/wp\/v2\/pages\/74384","targetHints":{"allow":["GET"]}}],"collection":[{"href":"https:\/\/pellikaan.com\/de\/wp-json\/wp\/v2\/pages"}],"about":[{"href":"https:\/\/pellikaan.com\/de\/wp-json\/wp\/v2\/types\/page"}],"author":[{"embeddable":true,"href":"https:\/\/pellikaan.com\/de\/wp-json\/wp\/v2\/users\/29"}],"replies":[{"embeddable":true,"href":"https:\/\/pellikaan.com\/de\/wp-json\/wp\/v2\/comments?post=74384"}],"version-history":[{"count":0,"href":"https:\/\/pellikaan.com\/de\/wp-json\/wp\/v2\/pages\/74384\/revisions"}],"up":[{"embeddable":true,"href":"https:\/\/pellikaan.com\/de\/wp-json\/wp\/v2\/pages\/74346"}],"wp:featuredmedia":[{"embeddable":true,"href":"https:\/\/pellikaan.com\/de\/wp-json\/wp\/v2\/media\/74388"}],"wp:attachment":[{"href":"https:\/\/pellikaan.com\/de\/wp-json\/wp\/v2\/media?parent=74384"}],"curies":[{"name":"wp","href":"https:\/\/api.w.org\/{rel}","templated":true}]}}