{"id":74374,"date":"2018-04-12T08:28:35","date_gmt":"2018-04-12T08:28:35","guid":{"rendered":"https:\/\/pellikaan.com\/over-pellikaan\/mvo\/"},"modified":"2023-07-13T13:47:36","modified_gmt":"2023-07-13T11:47:36","slug":"csr","status":"publish","type":"page","link":"https:\/\/pellikaan.com\/de\/ueber-pellikaan\/csr\/","title":{"rendered":"CSR"},"content":{"rendered":"<div class=\"wpb-content-wrapper\"><p>[vc_row unlock_row_content=&#8220;yes&#8220; row_height_percent=&#8220;0&#8243; override_padding=&#8220;yes&#8220; h_padding=&#8220;2&#8243; top_padding=&#8220;0&#8243; bottom_padding=&#8220;2&#8243; overlay_alpha=&#8220;50&#8243; gutter_size=&#8220;3&#8243; column_width_percent=&#8220;100&#8243; shift_y=&#8220;0&#8243; z_index=&#8220;0&#8243; el_class=&#8220;fullsize-blog-right&#8220;][vc_column column_width_percent=&#8220;100&#8243; gutter_size=&#8220;3&#8243; back_color=&#8220;color-xsdn&#8220; overlay_alpha=&#8220;50&#8243; shift_x=&#8220;0&#8243; shift_y=&#8220;0&#8243; shift_y_down=&#8220;0&#8243; z_index=&#8220;0&#8243; medium_width=&#8220;0&#8243; mobile_width=&#8220;0&#8243; width=&#8220;9\/12&#8243;][vc_row_inner row_inner_height_percent=&#8220;0&#8243; overlay_alpha=&#8220;50&#8243; gutter_size=&#8220;3&#8243; shift_y=&#8220;0&#8243; z_index=&#8220;0&#8243;][vc_column_inner column_width_percent=&#8220;100&#8243; gutter_size=&#8220;3&#8243; back_color=&#8220;color-xsdn&#8220; overlay_alpha=&#8220;50&#8243; shift_x=&#8220;0&#8243; shift_y=&#8220;-5&#8243; shift_y_down=&#8220;0&#8243; z_index=&#8220;0&#8243; medium_width=&#8220;0&#8243; mobile_width=&#8220;0&#8243; width=&#8220;1\/1&#8243; el_class=&#8220;default-header-block-left&#8220;][vc_custom_heading heading_semantic=&#8220;h1&#8243; text_size=&#8220;h1&#8243;]<\/p>\n<h1>Bauen nach (Menschen-)Ma\u00df<\/h1>\n<p>[\/vc_custom_heading][vc_column_text el_class=&#8220;sub_heading&#8220;]T\u00e4glich arbeiten wir mit gro\u00dfer Leidenschaft und Begeisterung an inspirierenden Projekten. Ganz im Sinne eines Familienbetriebs befassen wir uns dabei auch mit den Menschen und der Welt um uns herum. Wenn wir hier Gutes bewegen k\u00f6nnen, dann tun wir das selbstverst\u00e4ndlich mit ebenso viel Leidenschaft und Begeisterung.[\/vc_column_text][vc_column_text el_class=&#8220;body_text&#8220;]<\/p>\n<h2><strong>Arbeiten mit guten Nachbarn<\/strong><\/h2>\n<p>Bei allen Projekten arbeiten wir nach M\u00f6glichkeit mit lokalen Bauunternehmern und Lieferanten. Das vermeidet unn\u00f6tige Wege und unterst\u00fctzt Besch\u00e4ftigung und Wirtschaft in der direkten Nachbarschaft.<\/p>\n<h2><strong>Viel Raum f\u00fcr Menschen<\/strong><\/h2>\n<p>Bei Pellikaan bekommen Menschen viel Zeit und Raum f\u00fcr ihre Entwicklung. Unsere Mitarbeiter profitieren von Workshops, Fort- und Weiterbildungsm\u00f6glichkeiten. Dar\u00fcber hinaus bieten wir regelm\u00e4\u00dfig Ausbildungs- und Praktikumspl\u00e4tze an. Interesse? \u2013 Dann freuen wir uns auf Ihre Bewerbung!<\/p>\n<h2><strong>Hilfe f\u00fcr Guatemala<\/strong><\/h2>\n<p>Der Zugang zu Frischwasser scheint uns selbstverst\u00e4ndlich. Das gilt leider nicht \u00fcberall in der Welt. Beispielsweise m\u00fcssen in Guatemala viele Menschen ohne hinreichende Wasserversorgung auskommen. Seit 1994 unterst\u00fctzen wir daher die einheimische Maya-Bev\u00f6lkerung Guatemalas. Zun\u00e4chst mit sauberem Trinkwasser, Unterrichtsmaterialien und neuen Computern, sp\u00e4ter au\u00dferdem mit der Beratung und Finanzierung des Baus sowie des Ausbaus mehrerer Schulen. [\/vc_column_text][\/vc_column_inner][\/vc_row_inner][\/vc_column][vc_column column_width_percent=&#8220;100&#8243; gutter_size=&#8220;3&#8243; back_color=&#8220;color-170804&#8243; overlay_alpha=&#8220;50&#8243; shift_x=&#8220;0&#8243; shift_y=&#8220;0&#8243; shift_y_down=&#8220;0&#8243; z_index=&#8220;0&#8243; medium_width=&#8220;0&#8243; mobile_width=&#8220;0&#8243; width=&#8220;3\/12&#8243;][vc_widget_sidebar sidebar_id=&#8220;uber_pellikaan_sidebar-de&#8220;][\/vc_column][\/vc_row][vc_row row_height_percent=&#8220;0&#8243; override_padding=&#8220;yes&#8220; h_padding=&#8220;2&#8243; top_padding=&#8220;0&#8243; bottom_padding=&#8220;0&#8243; overlay_alpha=&#8220;50&#8243; gutter_size=&#8220;0&#8243; column_width_percent=&#8220;100&#8243; shift_y=&#8220;0&#8243; z_index=&#8220;0&#8243; uncode_shortcode_id=&#8220;720326&#8243; el_class=&#8220;default-spacing main-cta-block&#8220;][vc_column width=&#8220;1\/1&#8243;][vc_column_text]<div class=\"cta_cover wpb_row row-inner dark\"><div class=\"col-lg-1\"><\/div><div class=\"left col-md-5 col-lg-3\" style=\"background-image: url(https:\/\/pellikaan.com\/wp-content\/uploads\/2018\/06\/paul-gerrits.jpg)\"><div class=\"image-overlay\"><div class=\"naam\">Paul Gerrits<\/div><div class=\"role\">Gesch\u00e4ftsf\u00fchrer<\/div><\/div><\/div><div class=\"right col-md-7 col-lg-7\"><div class=\"content\"><h2>Haben Sie eine Frage? Wir helfen Ihnen gern weiter.<\/h2><div class=\"font20\"><p>Schicken Sie uns eine <a href=\"mailto:info@pellikaan.de\">Nachricht<\/a> oder rufen Sie uns an: <a class=\"phone-number\" href=\"tel:02102429060\">02102 42 90 60<\/a>.<\/p><\/div><span class=\"btn-container\"><a href=\"mailto:info@pellikaan.de\" class=\"custom-link btn btn-lg btn-icon-left\">Stellen Sie Ihre Frage<\/a><\/span><\/div><\/div><div class=\"col-lg-1\"><\/div><\/div>[\/vc_column_text][\/vc_column][\/vc_row]<\/p>\n<\/div>","protected":false},"excerpt":{"rendered":"<p>[vc_row unlock_row_content=&#8220;yes&#8220; row_height_percent=&#8220;0&#8243; override_padding=&#8220;yes&#8220; h_padding=&#8220;2&#8243; top_padding=&#8220;0&#8243; bottom_padding=&#8220;2&#8243; overlay_alpha=&#8220;50&#8243; gutter_size=&#8220;3&#8243; column_width_percent=&#8220;100&#8243; shift_y=&#8220;0&#8243; z_index=&#8220;0&#8243; el_class=&#8220;fullsize-blog-right&#8220;][vc_column column_width_percent=&#8220;100&#8243; gutter_size=&#8220;3&#8243; back_color=&#8220;color-xsdn&#8220; overlay_alpha=&#8220;50&#8243; shift_x=&#8220;0&#8243; shift_y=&#8220;0&#8243; shift_y_down=&#8220;0&#8243; [&hellip;]<\/p>\n","protected":false},"author":29,"featured_media":74378,"parent":74346,"menu_order":63,"comment_status":"open","ping_status":"closed","template":"","meta":{"_acf_changed":false,"footnotes":""},"class_list":["post-74374","page","type-page","status-publish","has-post-thumbnail","hentry"],"acf":[],"_links":{"self":[{"href":"https:\/\/pellikaan.com\/de\/wp-json\/wp\/v2\/pages\/74374","targetHints":{"allow":["GET"]}}],"collection":[{"href":"https:\/\/pellikaan.com\/de\/wp-json\/wp\/v2\/pages"}],"about":[{"href":"https:\/\/pellikaan.com\/de\/wp-json\/wp\/v2\/types\/page"}],"author":[{"embeddable":true,"href":"https:\/\/pellikaan.com\/de\/wp-json\/wp\/v2\/users\/29"}],"replies":[{"embeddable":true,"href":"https:\/\/pellikaan.com\/de\/wp-json\/wp\/v2\/comments?post=74374"}],"version-history":[{"count":0,"href":"https:\/\/pellikaan.com\/de\/wp-json\/wp\/v2\/pages\/74374\/revisions"}],"up":[{"embeddable":true,"href":"https:\/\/pellikaan.com\/de\/wp-json\/wp\/v2\/pages\/74346"}],"wp:featuredmedia":[{"embeddable":true,"href":"https:\/\/pellikaan.com\/de\/wp-json\/wp\/v2\/media\/74378"}],"wp:attachment":[{"href":"https:\/\/pellikaan.com\/de\/wp-json\/wp\/v2\/media?parent=74374"}],"curies":[{"name":"wp","href":"https:\/\/api.w.org\/{rel}","templated":true}]}}