{"id":74346,"date":"2018-04-12T08:25:41","date_gmt":"2018-04-12T08:25:41","guid":{"rendered":"https:\/\/pellikaan.com\/over-pellikaan\/"},"modified":"2023-07-13T09:12:40","modified_gmt":"2023-07-13T07:12:40","slug":"ueber-pellikaan","status":"publish","type":"page","link":"https:\/\/pellikaan.com\/de\/ueber-pellikaan\/","title":{"rendered":"\u00dcber Pellikaan"},"content":{"rendered":"<div class=\"wpb-content-wrapper\"><p>[vc_row unlock_row_content=&#8220;yes&#8220; row_height_percent=&#8220;0&#8243; override_padding=&#8220;yes&#8220; h_padding=&#8220;2&#8243; top_padding=&#8220;0&#8243; bottom_padding=&#8220;2&#8243; overlay_alpha=&#8220;50&#8243; gutter_size=&#8220;3&#8243; column_width_percent=&#8220;100&#8243; shift_y=&#8220;0&#8243; z_index=&#8220;0&#8243; el_class=&#8220;fullsize-blog-right&#8220;][vc_column column_width_percent=&#8220;100&#8243; gutter_size=&#8220;3&#8243; back_color=&#8220;color-xsdn&#8220; overlay_alpha=&#8220;50&#8243; shift_x=&#8220;0&#8243; shift_y=&#8220;0&#8243; shift_y_down=&#8220;0&#8243; z_index=&#8220;0&#8243; medium_width=&#8220;0&#8243; mobile_width=&#8220;0&#8243; width=&#8220;9\/12&#8243;][vc_row_inner row_inner_height_percent=&#8220;0&#8243; overlay_alpha=&#8220;50&#8243; gutter_size=&#8220;3&#8243; shift_y=&#8220;0&#8243; z_index=&#8220;0&#8243;][vc_column_inner column_width_percent=&#8220;100&#8243; gutter_size=&#8220;3&#8243; back_color=&#8220;color-xsdn&#8220; overlay_alpha=&#8220;50&#8243; shift_x=&#8220;0&#8243; shift_y=&#8220;-5&#8243; shift_y_down=&#8220;0&#8243; z_index=&#8220;0&#8243; medium_width=&#8220;0&#8243; mobile_width=&#8220;0&#8243; width=&#8220;1\/1&#8243; el_class=&#8220;default-header-block-left&#8220;][vc_custom_heading heading_semantic=&#8220;h1&#8243; text_size=&#8220;h1&#8243;]<\/p>\n<h1>Auf Vertrauen bauen<\/h1>\n<p>[\/vc_custom_heading][vc_column_text el_class=&#8220;sub_heading&#8220;]Als Familienbetrieb verstehen wir wie kein anderer, dass Sie mit vertrauten Menschen und Gesichtern bauen m\u00f6chten. Wir stehen mit beiden Beinen fest auf dem Boden und haben gleichzeitig haushohe Ambitionen. Lernen Sie uns kennen \u2013 und besuchen Sie uns doch mal auf einer unserer Baustellen! [\/vc_column_text][vc_column_text el_class=&#8220;body_text&#8220;]<\/p>\n<h2>Value Engineering<\/h2>\n<p>Als Betreiber des Club Pellikaan \u2013 einer niederl\u00e4ndischen Health-Club-Kette \u2013 treffen wir intelligente Entscheidungen, die auf den Erfahrungen mit 1,5 Millionen Nutzern pro Jahr beruhen. Das macht uns zu einem Partner, der in der Lage ist, aus jedem Projekt das Maximum herauszuholen.<\/p>\n<h2><strong>Breitgef\u00e4chert aufgestellt<\/strong><\/h2>\n<p>Als Auftraggeber w\u00fcnschen Sie sich einen Partner, der Ihr Projekt so effizient wie m\u00f6glich begleitet. Wir bieten Ihnen daher jede m\u00f6gliche Kombination unserer Leistungen an. Von Build Only \u00fcber Design &amp; Build bis hin zu kompletten DBFMO-Projekten inklusive langfristiger Instandhaltung und\/oder Betrieb.<\/p>\n<h2><strong>Green &amp; clean<\/strong><\/h2>\n<p>Durch das Treffen nachhaltiger Entscheidungen schon zu Beginn des Bauprozesses sparen Sie zuk\u00fcnftige Betriebskosten. \u2013 Und sorgen f\u00fcr eine saubere Welt f\u00fcr unsere Kinder, Enkel und Urenkel.<\/p>\n<h2><strong>Traumhafte Ideen &amp; M\u00f6glichkeiten<\/strong><\/h2>\n<p>Bauen beginnt mit Tr\u00e4umen. Mit der ausgewogenen Balance zwischen ambitioniertem und realistischem Denken verwandeln wir Ihre Tr\u00e4ume und Ideen in Innovationen par excellence.<\/p>\n<h2><strong>Smart &amp; innovativ<\/strong><\/h2>\n<p>Ein Geb\u00e4ude muss zukunftssicher sein und noch viele Jahre nach seiner Fertigstellung den Bed\u00fcrfnissen der Nutzer entsprechen. Dank unserer jahrelangen internationalen Erfahrung im Smart Building sind unsere Geb\u00e4ude bestens f\u00fcr die Zukunft ger\u00fcstet.[\/vc_column_text][\/vc_column_inner][\/vc_row_inner][\/vc_column][vc_column column_width_percent=&#8220;100&#8243; gutter_size=&#8220;3&#8243; back_color=&#8220;color-170804&#8243; overlay_alpha=&#8220;50&#8243; shift_x=&#8220;0&#8243; shift_y=&#8220;0&#8243; shift_y_down=&#8220;0&#8243; z_index=&#8220;0&#8243; medium_width=&#8220;0&#8243; mobile_width=&#8220;0&#8243; width=&#8220;3\/12&#8243;][vc_widget_sidebar sidebar_id=&#8220;uber_pellikaan_sidebar-de&#8220;][\/vc_column][\/vc_row][vc_row row_height_percent=&#8220;0&#8243; override_padding=&#8220;yes&#8220; h_padding=&#8220;2&#8243; top_padding=&#8220;0&#8243; bottom_padding=&#8220;0&#8243; overlay_alpha=&#8220;50&#8243; gutter_size=&#8220;0&#8243; column_width_percent=&#8220;100&#8243; shift_y=&#8220;0&#8243; z_index=&#8220;0&#8243; uncode_shortcode_id=&#8220;720326&#8243; el_class=&#8220;default-spacing main-cta-block&#8220;][vc_column width=&#8220;1\/1&#8243;][vc_column_text]<div class=\"cta_cover wpb_row row-inner dark\"><div class=\"col-lg-1\"><\/div><div class=\"left col-md-5 col-lg-3\" style=\"background-image: url(https:\/\/pellikaan.com\/wp-content\/uploads\/2018\/06\/paul-gerrits.jpg)\"><div class=\"image-overlay\"><div class=\"naam\">Paul Gerrits<\/div><div class=\"role\">Gesch\u00e4ftsf\u00fchrer<\/div><\/div><\/div><div class=\"right col-md-7 col-lg-7\"><div class=\"content\"><h2>Haben Sie eine Frage? Wir helfen Ihnen gern weiter.<\/h2><div class=\"font20\"><p>Schicken Sie uns eine <a href=\"mailto:info@pellikaan.de\">Nachricht<\/a> oder rufen Sie uns an: <a class=\"phone-number\" href=\"tel:02102429060\">02102 42 90 60<\/a>.<\/p><\/div><span class=\"btn-container\"><a href=\"mailto:info@pellikaan.de\" class=\"custom-link btn btn-lg btn-icon-left\">Stellen Sie Ihre Frage<\/a><\/span><\/div><\/div><div class=\"col-lg-1\"><\/div><\/div>[\/vc_column_text][\/vc_column][\/vc_row]<\/p>\n<\/div>","protected":false},"excerpt":{"rendered":"<p>[vc_row unlock_row_content=&#8220;yes&#8220; row_height_percent=&#8220;0&#8243; override_padding=&#8220;yes&#8220; h_padding=&#8220;2&#8243; top_padding=&#8220;0&#8243; bottom_padding=&#8220;2&#8243; overlay_alpha=&#8220;50&#8243; gutter_size=&#8220;3&#8243; column_width_percent=&#8220;100&#8243; shift_y=&#8220;0&#8243; z_index=&#8220;0&#8243; el_class=&#8220;fullsize-blog-right&#8220;][vc_column column_width_percent=&#8220;100&#8243; gutter_size=&#8220;3&#8243; back_color=&#8220;color-xsdn&#8220; overlay_alpha=&#8220;50&#8243; shift_x=&#8220;0&#8243; shift_y=&#8220;0&#8243; shift_y_down=&#8220;0&#8243; [&hellip;]<\/p>\n","protected":false},"author":29,"featured_media":74350,"parent":0,"menu_order":82,"comment_status":"open","ping_status":"closed","template":"","meta":{"_acf_changed":false,"footnotes":""},"class_list":["post-74346","page","type-page","status-publish","has-post-thumbnail","hentry"],"acf":[],"_links":{"self":[{"href":"https:\/\/pellikaan.com\/de\/wp-json\/wp\/v2\/pages\/74346","targetHints":{"allow":["GET"]}}],"collection":[{"href":"https:\/\/pellikaan.com\/de\/wp-json\/wp\/v2\/pages"}],"about":[{"href":"https:\/\/pellikaan.com\/de\/wp-json\/wp\/v2\/types\/page"}],"author":[{"embeddable":true,"href":"https:\/\/pellikaan.com\/de\/wp-json\/wp\/v2\/users\/29"}],"replies":[{"embeddable":true,"href":"https:\/\/pellikaan.com\/de\/wp-json\/wp\/v2\/comments?post=74346"}],"version-history":[{"count":0,"href":"https:\/\/pellikaan.com\/de\/wp-json\/wp\/v2\/pages\/74346\/revisions"}],"wp:featuredmedia":[{"embeddable":true,"href":"https:\/\/pellikaan.com\/de\/wp-json\/wp\/v2\/media\/74350"}],"wp:attachment":[{"href":"https:\/\/pellikaan.com\/de\/wp-json\/wp\/v2\/media?parent=74346"}],"curies":[{"name":"wp","href":"https:\/\/api.w.org\/{rel}","templated":true}]}}