{"id":74327,"date":"2018-03-23T13:58:14","date_gmt":"2018-03-23T13:58:14","guid":{"rendered":"https:\/\/pellikaan.com\/expertises\/design\/"},"modified":"2023-07-14T12:49:14","modified_gmt":"2023-07-14T10:49:14","slug":"entwerfen","status":"publish","type":"page","link":"https:\/\/pellikaan.com\/de\/spezialisierungen\/entwerfen\/","title":{"rendered":"Design"},"content":{"rendered":"<div class=\"wpb-content-wrapper\"><p>[vc_row unlock_row_content=&#8220;yes&#8220; row_height_percent=&#8220;0&#8243; override_padding=&#8220;yes&#8220; h_padding=&#8220;2&#8243; top_padding=&#8220;0&#8243; bottom_padding=&#8220;2&#8243; overlay_alpha=&#8220;50&#8243; gutter_size=&#8220;3&#8243; column_width_percent=&#8220;100&#8243; shift_y=&#8220;0&#8243; z_index=&#8220;0&#8243; el_class=&#8220;fullsize-blog-right&#8220;][vc_column column_width_percent=&#8220;100&#8243; gutter_size=&#8220;3&#8243; back_color=&#8220;color-xsdn&#8220; overlay_alpha=&#8220;50&#8243; shift_x=&#8220;0&#8243; shift_y=&#8220;0&#8243; shift_y_down=&#8220;0&#8243; z_index=&#8220;0&#8243; medium_width=&#8220;0&#8243; mobile_width=&#8220;0&#8243; width=&#8220;9\/12&#8243;][vc_row_inner row_inner_height_percent=&#8220;0&#8243; overlay_alpha=&#8220;50&#8243; gutter_size=&#8220;3&#8243; shift_y=&#8220;0&#8243; z_index=&#8220;0&#8243;][vc_column_inner column_width_percent=&#8220;100&#8243; gutter_size=&#8220;3&#8243; back_color=&#8220;color-xsdn&#8220; overlay_alpha=&#8220;50&#8243; shift_x=&#8220;0&#8243; shift_y=&#8220;-5&#8243; shift_y_down=&#8220;0&#8243; z_index=&#8220;0&#8243; medium_width=&#8220;0&#8243; mobile_width=&#8220;0&#8243; width=&#8220;1\/1&#8243; el_class=&#8220;default-header-block-left&#8220;][vc_custom_heading heading_semantic=&#8220;h1&#8243; text_size=&#8220;h1&#8243;]<\/p>\n<h1>Wohldurchdachtes Design<\/h1>\n<p>[\/vc_custom_heading][vc_column_text el_class=&#8220;sub_heading&#8220;]Ganz gleich ob Ihr Entwurf bereits steht oder ob das Zeichenpapier noch unber\u00fchrt ist: Wenn Sie sich unserer Expertise bedienen, gewinnen Sie in jedem Fall! Gemeinsam stellen wir sicher, dass Sie die Anforderungen und W\u00fcnsche der zuk\u00fcnftigen Geb\u00e4udenutzer bestm\u00f6glich bedienen k\u00f6nnen.[\/vc_column_text][vc_column_text el_class=&#8220;body_text&#8220;]<\/p>\n<h2><strong>40 Jahre Betreiber-Erfahrung<\/strong><\/h2>\n<p>Mit dem Wissen und der Erfahrung aus vier Jahrzehnten als Betreiber von Nutzbauten sowie des Club Pellikaan holen wir auch aus Ihrem Entwurf das Maximum \u2013 und verwandeln Ihre W\u00fcnsche in ein durchdachtes Design, das ein erstklassiges Nutzungserlebnis in den Mittelpunkt stellt.<\/p>\n<h2><strong>Optimale Entscheidungen<\/strong><\/h2>\n<p>Die Wahl der optimalen Materialien und Bauweise bewirkt nicht nur eine l\u00e4ngere Nutzungsdauer Ihres Geb\u00e4udes, Sie sparen au\u00dferdem Wartungs- und Instandhaltungskosten. H\u00e4tten Sie beispielsweise gedacht, dass allein durch optimierte Laufwege Personalkosten eingespart werden k\u00f6nnen?<\/p>\n<h2>Design &amp; build<\/h2>\n<p>Wo viele verschiedene Spezialisten zusammenarbeiten, ist das Vorhandensein eines festen Ansprechpartners f\u00fcr alle Beteiligten enorm wichtig. Im Design &amp; Build-Prozess ist das unser Design Manager . Er managt und erleichtert die Zusammenarbeit der Entwurfsparteien, f\u00fchrt die technischen Entw\u00fcrfe zusammen und zeichnet f\u00fcr das Endergebnis. Die Entwicklung des Entwurfs erfolgt immer in enger Absprache mit Ihnen als Auftraggeber. Dabei sind wir Partner, Berater und Kritiker zugleich.<\/p>\n<h2><strong>Vorhandene Entw\u00fcrfe<\/strong><\/h2>\n<p>Es besteht bereits ein Entwurf? Auch dann k\u00f6nnen Sie von dem Einbeziehen Pellikaans in Ihr Projekt profitieren! Durch die Anwendung unserer technologischen und operationellen L\u00f6sungen sind oft noch Einsparungen m\u00f6glich. \u2013 Selbstverst\u00e4ndlich ganz ohne Zugest\u00e4ndnisse hinsichtlich der Funktionalit\u00e4t und Entwurfsphilosophie des Geb\u00e4udes.[\/vc_column_text][\/vc_column_inner][\/vc_row_inner][\/vc_column][vc_column column_width_percent=&#8220;100&#8243; gutter_size=&#8220;3&#8243; back_color=&#8220;color-170804&#8243; overlay_alpha=&#8220;50&#8243; shift_x=&#8220;0&#8243; shift_y=&#8220;0&#8243; shift_y_down=&#8220;0&#8243; z_index=&#8220;0&#8243; medium_width=&#8220;0&#8243; mobile_width=&#8220;0&#8243; width=&#8220;3\/12&#8243;][vc_widget_sidebar sidebar_id=&#8220;expertises-de&#8220;][\/vc_column][\/vc_row][vc_row row_height_percent=&#8220;0&#8243; override_padding=&#8220;yes&#8220; h_padding=&#8220;2&#8243; top_padding=&#8220;0&#8243; bottom_padding=&#8220;0&#8243; overlay_alpha=&#8220;50&#8243; gutter_size=&#8220;0&#8243; column_width_percent=&#8220;100&#8243; shift_y=&#8220;0&#8243; z_index=&#8220;0&#8243; uncode_shortcode_id=&#8220;720326&#8243; el_class=&#8220;default-spacing main-cta-block&#8220;][vc_column width=&#8220;1\/1&#8243;][vc_column_text]<div class=\"cta_cover wpb_row row-inner dark\"><div class=\"col-lg-1\"><\/div><div class=\"left col-md-5 col-lg-3\" style=\"background-image: url(https:\/\/pellikaan.com\/wp-content\/uploads\/2018\/06\/paul-gerrits.jpg)\"><div class=\"image-overlay\"><div class=\"naam\">Paul Gerrits<\/div><div class=\"role\">Gesch\u00e4ftsf\u00fchrer<\/div><\/div><\/div><div class=\"right col-md-7 col-lg-7\"><div class=\"content\"><h2>Haben Sie eine Frage? Wir helfen Ihnen gern weiter.<\/h2><div class=\"font20\"><p>Schicken Sie uns eine <a href=\"mailto:info@pellikaan.de\">Nachricht<\/a> oder rufen Sie uns an: <a class=\"phone-number\" href=\"tel:02102429060\">02102 42 90 60<\/a>.<\/p><\/div><span class=\"btn-container\"><a href=\"mailto:info@pellikaan.de\" class=\"custom-link btn btn-lg btn-icon-left\">Stellen Sie Ihre Frage<\/a><\/span><\/div><\/div><div class=\"col-lg-1\"><\/div><\/div>[\/vc_column_text][\/vc_column][\/vc_row]<\/p>\n<\/div>","protected":false},"excerpt":{"rendered":"<p>Pellikaan ist Ihr Partner, wenn es darum geht, Ideen in einen klaren und realistischen Entwurf zu verwandeln. Und wir helfen Ihnen gern, innovative Entscheidungen hinsichtlich Material, Personaleinsatz und Wirtschaftlichkeit zu treffen.<\/p>\n","protected":false},"author":29,"featured_media":74332,"parent":74282,"menu_order":29,"comment_status":"closed","ping_status":"closed","template":"","meta":{"_acf_changed":false,"footnotes":""},"class_list":["post-74327","page","type-page","status-publish","has-post-thumbnail","hentry"],"acf":[],"_links":{"self":[{"href":"https:\/\/pellikaan.com\/de\/wp-json\/wp\/v2\/pages\/74327","targetHints":{"allow":["GET"]}}],"collection":[{"href":"https:\/\/pellikaan.com\/de\/wp-json\/wp\/v2\/pages"}],"about":[{"href":"https:\/\/pellikaan.com\/de\/wp-json\/wp\/v2\/types\/page"}],"author":[{"embeddable":true,"href":"https:\/\/pellikaan.com\/de\/wp-json\/wp\/v2\/users\/29"}],"replies":[{"embeddable":true,"href":"https:\/\/pellikaan.com\/de\/wp-json\/wp\/v2\/comments?post=74327"}],"version-history":[{"count":0,"href":"https:\/\/pellikaan.com\/de\/wp-json\/wp\/v2\/pages\/74327\/revisions"}],"up":[{"embeddable":true,"href":"https:\/\/pellikaan.com\/de\/wp-json\/wp\/v2\/pages\/74282"}],"wp:featuredmedia":[{"embeddable":true,"href":"https:\/\/pellikaan.com\/de\/wp-json\/wp\/v2\/media\/74332"}],"wp:attachment":[{"href":"https:\/\/pellikaan.com\/de\/wp-json\/wp\/v2\/media?parent=74327"}],"curies":[{"name":"wp","href":"https:\/\/api.w.org\/{rel}","templated":true}]}}