{"id":74303,"date":"2018-03-23T14:11:33","date_gmt":"2018-03-23T14:11:33","guid":{"rendered":"https:\/\/pellikaan.com\/expertises\/maintain\/"},"modified":"2023-07-14T12:56:29","modified_gmt":"2023-07-14T10:56:29","slug":"instandhalten","status":"publish","type":"page","link":"https:\/\/pellikaan.com\/de\/spezialisierungen\/instandhalten\/","title":{"rendered":"Maintain"},"content":{"rendered":"<div class=\"wpb-content-wrapper\"><p>[vc_row unlock_row_content=&#8220;yes&#8220; row_height_percent=&#8220;0&#8243; override_padding=&#8220;yes&#8220; h_padding=&#8220;2&#8243; top_padding=&#8220;0&#8243; bottom_padding=&#8220;2&#8243; overlay_alpha=&#8220;50&#8243; gutter_size=&#8220;3&#8243; column_width_percent=&#8220;100&#8243; shift_y=&#8220;0&#8243; z_index=&#8220;0&#8243; el_class=&#8220;fullsize-blog-right&#8220;][vc_column column_width_percent=&#8220;100&#8243; gutter_size=&#8220;3&#8243; back_color=&#8220;color-xsdn&#8220; overlay_alpha=&#8220;50&#8243; shift_x=&#8220;0&#8243; shift_y=&#8220;0&#8243; shift_y_down=&#8220;0&#8243; z_index=&#8220;0&#8243; medium_width=&#8220;0&#8243; mobile_width=&#8220;0&#8243; width=&#8220;9\/12&#8243;][vc_row_inner row_inner_height_percent=&#8220;0&#8243; overlay_alpha=&#8220;50&#8243; gutter_size=&#8220;3&#8243; shift_y=&#8220;0&#8243; z_index=&#8220;0&#8243;][vc_column_inner column_width_percent=&#8220;100&#8243; gutter_size=&#8220;3&#8243; back_color=&#8220;color-xsdn&#8220; overlay_alpha=&#8220;50&#8243; shift_x=&#8220;0&#8243; shift_y=&#8220;-5&#8243; shift_y_down=&#8220;0&#8243; z_index=&#8220;0&#8243; medium_width=&#8220;0&#8243; mobile_width=&#8220;0&#8243; width=&#8220;1\/1&#8243; el_class=&#8220;default-header-block-left&#8220;][vc_custom_heading heading_semantic=&#8220;h1&#8243; text_size=&#8220;h1&#8243;]<\/p>\n<h1>Heute das Fundament f\u00fcr morgen legen<\/h1>\n<p>[\/vc_custom_heading][vc_column_text el_class=&#8220;sub_heading&#8220;]Eigentlich beginnt die Instandhaltung eines Geb\u00e4udes schon vor dem Baubeginn. Denn bereits dann werden wichtige Entscheidungen getroffen, die f\u00fcr sp\u00e4tere Instandhaltungsma\u00dfnahmen ma\u00dfgeblich sind. Setzen Sie daher auf unsere Expertise und lassen Sie sich beraten \u2013 vom Entwurfsprozess bis zur Bau\u00fcbergabe.[\/vc_column_text][vc_column_text el_class=&#8220;body_text&#8220;]<\/p>\n<h2><strong>Die Zukunft im Auge behalten<\/strong><\/h2>\n<p>Ein Geb\u00e4ude steht in der Regel viele Jahre lang. Als Partner f\u00fcr die langfristige Geb\u00e4udeinstanthaltung und mit der Erfahrung als Betreiber des Club Pellikaan ist es f\u00fcr uns selbstverst\u00e4ndlich, bei Entscheidungen hinsichtlich Materialien, Anlagen und technischer Details immer die Zukunft im Auge zu behalten. Unsere Maxime: Ein Geb\u00e4ude muss sich am Menschen orientieren \u2013 nicht umgekehrt. Eine hohe Wartungsfreundlichkeit ist bei Pellikaan daher stets die Norm.[\/vc_column_text][\/vc_column_inner][\/vc_row_inner][\/vc_column][vc_column column_width_percent=&#8220;100&#8243; gutter_size=&#8220;3&#8243; back_color=&#8220;color-170804&#8243; overlay_alpha=&#8220;50&#8243; shift_x=&#8220;0&#8243; shift_y=&#8220;0&#8243; shift_y_down=&#8220;0&#8243; z_index=&#8220;0&#8243; medium_width=&#8220;0&#8243; mobile_width=&#8220;0&#8243; width=&#8220;3\/12&#8243;][vc_widget_sidebar sidebar_id=&#8220;expertises-de&#8220;][\/vc_column][\/vc_row][vc_row row_height_percent=&#8220;0&#8243; override_padding=&#8220;yes&#8220; h_padding=&#8220;2&#8243; top_padding=&#8220;0&#8243; bottom_padding=&#8220;0&#8243; overlay_alpha=&#8220;50&#8243; gutter_size=&#8220;0&#8243; column_width_percent=&#8220;100&#8243; shift_y=&#8220;0&#8243; z_index=&#8220;0&#8243; uncode_shortcode_id=&#8220;720326&#8243; el_class=&#8220;default-spacing main-cta-block&#8220;][vc_column width=&#8220;1\/1&#8243;][vc_column_text]<div class=\"cta_cover wpb_row row-inner dark\"><div class=\"col-lg-1\"><\/div><div class=\"left col-md-5 col-lg-3\" style=\"background-image: url(https:\/\/pellikaan.com\/wp-content\/uploads\/2018\/06\/paul-gerrits.jpg)\"><div class=\"image-overlay\"><div class=\"naam\">Paul Gerrits<\/div><div class=\"role\">Gesch\u00e4ftsf\u00fchrer<\/div><\/div><\/div><div class=\"right col-md-7 col-lg-7\"><div class=\"content\"><h2>Haben Sie eine Frage? Wir helfen Ihnen gern weiter.<\/h2><div class=\"font20\"><p>Schicken Sie uns eine <a href=\"mailto:info@pellikaan.de\">Nachricht<\/a> oder rufen Sie uns an: <a class=\"phone-number\" href=\"tel:02102429060\">02102 42 90 60<\/a>.<\/p><\/div><span class=\"btn-container\"><a href=\"mailto:info@pellikaan.de\" class=\"custom-link btn btn-lg btn-icon-left\">Stellen Sie Ihre Frage<\/a><\/span><\/div><\/div><div class=\"col-lg-1\"><\/div><\/div>[\/vc_column_text][\/vc_column][\/vc_row]<\/p>\n<\/div>","protected":false},"excerpt":{"rendered":"<p>Ein Geb\u00e4ude steht \u00fcber viele Jahre. Als Partner f\u00fcr die langfristige Instandhaltung sowie als Betreiber des Club Pellikaan ist es f\u00fcr uns selbstverst\u00e4ndlich, bei Entscheidungen hinsichtlich Materialien, Anlagen und technischer Details stets die Zukunft im Auge zu behalten. <\/p>\n","protected":false},"author":29,"featured_media":74308,"parent":74282,"menu_order":58,"comment_status":"closed","ping_status":"closed","template":"","meta":{"_acf_changed":false,"footnotes":""},"class_list":["post-74303","page","type-page","status-publish","has-post-thumbnail","hentry"],"acf":[],"_links":{"self":[{"href":"https:\/\/pellikaan.com\/de\/wp-json\/wp\/v2\/pages\/74303","targetHints":{"allow":["GET"]}}],"collection":[{"href":"https:\/\/pellikaan.com\/de\/wp-json\/wp\/v2\/pages"}],"about":[{"href":"https:\/\/pellikaan.com\/de\/wp-json\/wp\/v2\/types\/page"}],"author":[{"embeddable":true,"href":"https:\/\/pellikaan.com\/de\/wp-json\/wp\/v2\/users\/29"}],"replies":[{"embeddable":true,"href":"https:\/\/pellikaan.com\/de\/wp-json\/wp\/v2\/comments?post=74303"}],"version-history":[{"count":0,"href":"https:\/\/pellikaan.com\/de\/wp-json\/wp\/v2\/pages\/74303\/revisions"}],"up":[{"embeddable":true,"href":"https:\/\/pellikaan.com\/de\/wp-json\/wp\/v2\/pages\/74282"}],"wp:featuredmedia":[{"embeddable":true,"href":"https:\/\/pellikaan.com\/de\/wp-json\/wp\/v2\/media\/74308"}],"wp:attachment":[{"href":"https:\/\/pellikaan.com\/de\/wp-json\/wp\/v2\/media?parent=74303"}],"curies":[{"name":"wp","href":"https:\/\/api.w.org\/{rel}","templated":true}]}}