{"id":74282,"date":"2018-04-20T10:21:48","date_gmt":"2018-04-20T10:21:48","guid":{"rendered":"https:\/\/pellikaan.com\/expertises\/"},"modified":"2023-07-14T12:46:40","modified_gmt":"2023-07-14T10:46:40","slug":"spezialisierungen","status":"publish","type":"page","link":"https:\/\/pellikaan.com\/de\/spezialisierungen\/","title":{"rendered":"Spezialisierungen"},"content":{"rendered":"<div class=\"wpb-content-wrapper\"><p>[vc_row unlock_row_content=&#8220;yes&#8220; row_height_percent=&#8220;0&#8243; override_padding=&#8220;yes&#8220; h_padding=&#8220;2&#8243; top_padding=&#8220;0&#8243; bottom_padding=&#8220;2&#8243; overlay_alpha=&#8220;50&#8243; gutter_size=&#8220;3&#8243; column_width_percent=&#8220;100&#8243; shift_y=&#8220;0&#8243; z_index=&#8220;0&#8243; el_class=&#8220;fullsize-blog-right&#8220;][vc_column column_width_percent=&#8220;100&#8243; gutter_size=&#8220;3&#8243; back_color=&#8220;color-xsdn&#8220; overlay_alpha=&#8220;50&#8243; shift_x=&#8220;0&#8243; shift_y=&#8220;0&#8243; shift_y_down=&#8220;0&#8243; z_index=&#8220;0&#8243; medium_width=&#8220;0&#8243; mobile_width=&#8220;0&#8243; width=&#8220;9\/12&#8243;][vc_row_inner row_inner_height_percent=&#8220;0&#8243; overlay_alpha=&#8220;50&#8243; gutter_size=&#8220;3&#8243; shift_y=&#8220;0&#8243; z_index=&#8220;0&#8243;][vc_column_inner column_width_percent=&#8220;100&#8243; gutter_size=&#8220;3&#8243; back_color=&#8220;color-xsdn&#8220; overlay_alpha=&#8220;50&#8243; shift_x=&#8220;0&#8243; shift_y=&#8220;-5&#8243; shift_y_down=&#8220;0&#8243; z_index=&#8220;0&#8243; medium_width=&#8220;0&#8243; mobile_width=&#8220;0&#8243; width=&#8220;1\/1&#8243; el_class=&#8220;default-header-block-left&#8220;][vc_custom_heading heading_semantic=&#8220;h1&#8243; text_size=&#8220;h1&#8243;]<\/p>\n<h1 class=\"p1\"><span class=\"s1\">Spezialisierungen<\/span><\/h1>\n<p>[\/vc_custom_heading][vc_column_text el_class=&#8220;sub_heading&#8220;]Pellikaan liefert Ihnen die komplette Leistungspalette. Von den ersten Ideen bis weit \u00fcber die Fertigstellung hinaus. Von Build Only \u00fcber Design &amp; Build-Projekte bis zum kompletten Full-Service-Paket: Design, Build, Finance, Maintain and Operate (DBFMO). So gew\u00e4hrleisten wir optimale Pl\u00e4ne oder sorgen daf\u00fcr, dass Ihre bereits bestehenden Pl\u00e4ne langfristig die gr\u00f6\u00dftm\u00f6glichen Ertr\u00e4ge erzielen. [\/vc_column_text][\/vc_column_inner][\/vc_row_inner][vc_row_inner row_inner_height_percent=&#8220;0&#8243; overlay_alpha=&#8220;50&#8243; gutter_size=&#8220;3&#8243; shift_y=&#8220;0&#8243; z_index=&#8220;0&#8243;][vc_column_inner column_width_percent=&#8220;100&#8243; gutter_size=&#8220;3&#8243; overlay_alpha=&#8220;50&#8243; shift_x=&#8220;0&#8243; shift_y=&#8220;0&#8243; shift_y_down=&#8220;0&#8243; z_index=&#8220;0&#8243; medium_width=&#8220;0&#8243; mobile_width=&#8220;0&#8243; width=&#8220;1\/1&#8243; el_class=&#8220;default-content-block&#8220;][vc_column_text]<div class=\"serv_cover\"><a href=\"https:\/\/pellikaan.com\/de\/spezialisierungen\/entwerfen\/\" class=\"serv_single_cover\"><div class=\"visual\"><img decoding=\"async\" src=\"https:\/\/pellikaan.com\/wp-content\/uploads\/2018\/06\/design-pellikaan-header.jpg\" \/><\/div><div class=\"data\"><h3>Design<\/h3><div class=\"font20\"><p>Pellikaan ist Ihr Partner, wenn es darum geht, Ideen in einen klaren und realistischen Entwurf zu verwandeln. Und wir helfen Ihnen gern, innovative Entscheidungen hinsichtlich Material, Personaleinsatz und Wirtschaftlichkeit zu treffen.<\/p><\/div><\/div><\/a><a href=\"https:\/\/pellikaan.com\/de\/spezialisierungen\/bauen\/\" class=\"serv_single_cover\"><div class=\"visual\"><img decoding=\"async\" src=\"https:\/\/pellikaan.com\/wp-content\/uploads\/2018\/06\/build-pellikaan-header.jpg\" \/><\/div><div class=\"data\"><h3>Build<\/h3><div class=\"font20\"><p>Ein Preis. Ein Ansprechpartner. Eine Garantie: die von Pellikaan. Kein Kleingedrucktes, keine Einschr\u00e4nkungen. Transparenz, Klarheit und Ehrlichkeit sind unsere Garanten f\u00fcr Ihren Erfolg. Neugierig darauf, wie wir Ihrem Projekt zum Erfolg verhelfen? \u2013 Vereinbaren Sie einen Termin! <\/p><\/div><\/div><\/a><a href=\"https:\/\/pellikaan.com\/de\/spezialisierungen\/betreiben\/\" class=\"serv_single_cover\"><div class=\"visual\"><img decoding=\"async\" src=\"https:\/\/pellikaan.com\/wp-content\/uploads\/2018\/06\/operate-pellikaan-header.jpg\" \/><\/div><div class=\"data\"><h3>Operate<\/h3><div class=\"font20\"><p>Warum das Rad neu erfinden, wenn Sie auf unserer Erfahrung im Betrieb von Nutz- und Sportbauten zur\u00fcckgreifen k\u00f6nnen? Bedienen Sie sich einfach unserer 40-j\u00e4hrigen Erfahrung mit 1,5 Millionen Geb\u00e4udenutzern pro Jahr! <\/p><\/div><\/div><\/a><a href=\"https:\/\/pellikaan.com\/de\/spezialisierungen\/instandhalten\/\" class=\"serv_single_cover\"><div class=\"visual\"><img decoding=\"async\" src=\"https:\/\/pellikaan.com\/wp-content\/uploads\/2018\/06\/maintain-pellikaan-header.jpg\" \/><\/div><div class=\"data\"><h3>Maintain<\/h3><div class=\"font20\"><p>Ein Geb\u00e4ude steht \u00fcber viele Jahre. Als Partner f\u00fcr die langfristige Instandhaltung sowie als Betreiber des Club Pellikaan ist es f\u00fcr uns selbstverst\u00e4ndlich, bei Entscheidungen hinsichtlich Materialien, Anlagen und technischer Details stets die Zukunft im Auge zu behalten. <\/p><\/div><\/div><\/a><\/div>[\/vc_column_text][\/vc_column_inner][\/vc_row_inner][vc_row_inner row_inner_height_percent=&#8220;0&#8243; overlay_alpha=&#8220;50&#8243; gutter_size=&#8220;3&#8243; shift_y=&#8220;0&#8243; z_index=&#8220;0&#8243; css=&#8220;.vc_custom_1525186928494{margin-bottom: 36px !important;}&#8220;][vc_column_inner column_width_percent=&#8220;100&#8243; gutter_size=&#8220;3&#8243; overlay_alpha=&#8220;50&#8243; shift_x=&#8220;0&#8243; shift_y=&#8220;0&#8243; shift_y_down=&#8220;0&#8243; z_index=&#8220;0&#8243; medium_width=&#8220;0&#8243; mobile_width=&#8220;0&#8243; width=&#8220;1\/1&#8243; el_class=&#8220;default-header-block-left&#8220;][vc_icon position=&#8220;left&#8220; display=&#8220;inline&#8220; icon=&#8220;fa fa-caret-right&#8220; icon_color=&#8220;color-120138&#8243; el_class=&#8220;display-none&#8220;]Lean[\/vc_icon][vc_icon position=&#8220;left&#8220; display=&#8220;inline&#8220; icon=&#8220;fa fa-caret-right&#8220; icon_color=&#8220;color-120138&#8243; el_class=&#8220;display-none&#8220;]Pull planning[\/vc_icon][vc_icon position=&#8220;left&#8220; display=&#8220;inline&#8220; icon=&#8220;fa fa-caret-right&#8220; icon_color=&#8220;color-120138&#8243; el_class=&#8220;display-none&#8220;]Concurrent engineering[\/vc_icon][vc_icon position=&#8220;left&#8220; display=&#8220;inline&#8220; icon=&#8220;fa fa-caret-right&#8220; icon_color=&#8220;color-120138&#8243; el_class=&#8220;display-none&#8220;]BIM[\/vc_icon][vc_icon position=&#8220;left&#8220; display=&#8220;inline&#8220; icon=&#8220;fa fa-caret-right&#8220; icon_color=&#8220;color-120138&#8243; el_class=&#8220;display-none&#8220;]APROPLAN[\/vc_icon][\/vc_column_inner][\/vc_row_inner][\/vc_column][vc_column column_width_percent=&#8220;100&#8243; gutter_size=&#8220;3&#8243; back_color=&#8220;color-170804&#8243; overlay_alpha=&#8220;50&#8243; shift_x=&#8220;0&#8243; shift_y=&#8220;0&#8243; shift_y_down=&#8220;0&#8243; z_index=&#8220;0&#8243; medium_width=&#8220;0&#8243; mobile_width=&#8220;0&#8243; width=&#8220;3\/12&#8243;][vc_widget_sidebar sidebar_id=&#8220;expertises-de&#8220;][\/vc_column][\/vc_row][vc_row row_height_percent=&#8220;0&#8243; override_padding=&#8220;yes&#8220; h_padding=&#8220;2&#8243; top_padding=&#8220;0&#8243; bottom_padding=&#8220;0&#8243; overlay_alpha=&#8220;50&#8243; gutter_size=&#8220;0&#8243; column_width_percent=&#8220;100&#8243; shift_y=&#8220;0&#8243; z_index=&#8220;0&#8243; uncode_shortcode_id=&#8220;720326&#8243; el_class=&#8220;default-spacing main-cta-block&#8220;][vc_column width=&#8220;1\/1&#8243;][vc_column_text]<div class=\"cta_cover wpb_row row-inner light\"><div class=\"col-lg-1\"><\/div><div class=\"left col-md-5 col-lg-3\" style=\"background-image: url(https:\/\/pellikaan.com\/wp-content\/uploads\/2018\/06\/paul-gerrits.jpg)\"><div class=\"image-overlay\"><div class=\"naam\">Paul Gerrits<\/div><div class=\"role\">Gesch\u00e4ftsf\u00fchrer<\/div><\/div><\/div><div class=\"right col-md-7 col-lg-7\"><div class=\"content\"><h2>Haben Sie eine Frage? Wir helfen Ihnen gern weiter.<\/h2><div class=\"font20\"><p>Schicken Sie uns eine <a href=\"mailto:info@pellikaan.de\">Nachricht<\/a> oder rufen Sie uns an: <a class=\"phone-number\" href=\"tel:02102429060\">02102 42 90 60<\/a>.<\/p><\/div><span class=\"btn-container\"><a href=\"mailto:info@pellikaan.de\" class=\"custom-link btn btn-lg btn-icon-left\">Stellen Sie Ihre Frage<\/a><\/span><\/div><\/div><div class=\"col-lg-1\"><\/div><\/div>[\/vc_column_text][\/vc_column][\/vc_row]<\/p>\n<\/div>","protected":false},"excerpt":{"rendered":"<p>[vc_row unlock_row_content=&#8220;yes&#8220; row_height_percent=&#8220;0&#8243; override_padding=&#8220;yes&#8220; h_padding=&#8220;2&#8243; top_padding=&#8220;0&#8243; bottom_padding=&#8220;2&#8243; overlay_alpha=&#8220;50&#8243; gutter_size=&#8220;3&#8243; column_width_percent=&#8220;100&#8243; shift_y=&#8220;0&#8243; z_index=&#8220;0&#8243; el_class=&#8220;fullsize-blog-right&#8220;][vc_column column_width_percent=&#8220;100&#8243; gutter_size=&#8220;3&#8243; back_color=&#8220;color-xsdn&#8220; overlay_alpha=&#8220;50&#8243; shift_x=&#8220;0&#8243; shift_y=&#8220;0&#8243; shift_y_down=&#8220;0&#8243; [&hellip;]<\/p>\n","protected":false},"author":29,"featured_media":74255,"parent":0,"menu_order":39,"comment_status":"open","ping_status":"closed","template":"","meta":{"_acf_changed":false,"footnotes":""},"class_list":["post-74282","page","type-page","status-publish","has-post-thumbnail","hentry"],"acf":[],"_links":{"self":[{"href":"https:\/\/pellikaan.com\/de\/wp-json\/wp\/v2\/pages\/74282","targetHints":{"allow":["GET"]}}],"collection":[{"href":"https:\/\/pellikaan.com\/de\/wp-json\/wp\/v2\/pages"}],"about":[{"href":"https:\/\/pellikaan.com\/de\/wp-json\/wp\/v2\/types\/page"}],"author":[{"embeddable":true,"href":"https:\/\/pellikaan.com\/de\/wp-json\/wp\/v2\/users\/29"}],"replies":[{"embeddable":true,"href":"https:\/\/pellikaan.com\/de\/wp-json\/wp\/v2\/comments?post=74282"}],"version-history":[{"count":0,"href":"https:\/\/pellikaan.com\/de\/wp-json\/wp\/v2\/pages\/74282\/revisions"}],"wp:featuredmedia":[{"embeddable":true,"href":"https:\/\/pellikaan.com\/de\/wp-json\/wp\/v2\/media\/74255"}],"wp:attachment":[{"href":"https:\/\/pellikaan.com\/de\/wp-json\/wp\/v2\/media?parent=74282"}],"curies":[{"name":"wp","href":"https:\/\/api.w.org\/{rel}","templated":true}]}}