{"id":163023,"date":"2025-06-30T14:05:13","date_gmt":"2025-06-30T12:05:13","guid":{"rendered":"https:\/\/pellikaan.com\/?page_id=163023"},"modified":"2025-06-30T14:05:13","modified_gmt":"2025-06-30T12:05:13","slug":"tools-3","status":"publish","type":"page","link":"https:\/\/pellikaan.com\/de\/tools-3\/","title":{"rendered":"Besuch aus Guatemala"},"content":{"rendered":"<div class=\"wpb-content-wrapper\"><p>[vc_row unlock_row_content=&#8220;yes&#8220; row_height_percent=&#8220;0&#8243; overlay_alpha=&#8220;50&#8243; gutter_size=&#8220;3&#8243; column_width_percent=&#8220;100&#8243; shift_y=&#8220;0&#8243; z_index=&#8220;0&#8243;][vc_column column_width_percent=&#8220;100&#8243; gutter_size=&#8220;3&#8243; back_color=&#8220;color-xsdn&#8220; overlay_alpha=&#8220;50&#8243; shift_x=&#8220;0&#8243; shift_y=&#8220;0&#8243; shift_y_down=&#8220;0&#8243; z_index=&#8220;0&#8243; medium_width=&#8220;0&#8243; mobile_width=&#8220;0&#8243; width=&#8220;1\/1&#8243;][vc_row_inner][vc_column_inner column_width_percent=&#8220;100&#8243; gutter_size=&#8220;3&#8243; back_color=&#8220;color-xsdn&#8220; overlay_alpha=&#8220;50&#8243; shift_x=&#8220;0&#8243; shift_y=&#8220;-5&#8243; shift_y_down=&#8220;0&#8243; z_index=&#8220;0&#8243; medium_width=&#8220;0&#8243; mobile_width=&#8220;0&#8243; width=&#8220;3\/4&#8243; el_class=&#8220;default-header-block-left&#8220;][vc_custom_heading heading_semantic=&#8220;h1&#8243; text_size=&#8220;h1&#8243; uncode_shortcode_id=&#8220;156518&#8243;]<\/p>\n<h1 class=\"p1\">Besuch aus Guatemala<\/h1>\n<p>[\/vc_custom_heading][vc_column_text el_class=&#8220;sub_heading&#8220; uncode_shortcode_id=&#8220;210168&#8243;]Wir hatten besonderen Besuch: Vitalino war extra aus Guatemala angereist, um uns \u00fcber die Dr.-Theo-Bloem-Schule zu berichten.<\/p>\n<p>Diese Schule bietet neben Vorschul-, Grund- und Sekundarunterricht auch praxisorientierte Kurse an, die Jugendlichen wirklich weiterhelfen. Und sie w\u00e4chst weiter: Im n\u00e4chsten Jahr beginnen sie mit dem Bau eines neuen Geb\u00e4udes mit zus\u00e4tzlichen Klassenr\u00e4umen, um noch mehr Kinder unterrichten zu k\u00f6nnen.<\/p>\n<p>Wir sind stolz, dass wir dazu einen Beitrag leisten d\u00fcrfen!<\/p>\n<p>&nbsp;<\/p>\n<div id='gallery-1' class='gallery galleryid-163023 gallery-columns-2 gallery-size-medium'><figure class='gallery-item'>\n\t\t\t<div class='gallery-icon landscape'>\n\t\t\t\t<a href='https:\/\/pellikaan.com\/de\/41-2\/'><img decoding=\"async\" width=\"300\" height=\"169\" src=\"https:\/\/pellikaan.com\/wp-content\/uploads\/2025\/06\/41-300x169.png\" class=\"attachment-medium size-medium\" alt=\"\" srcset=\"https:\/\/pellikaan.com\/wp-content\/uploads\/2025\/06\/41-300x169.png 300w, https:\/\/pellikaan.com\/wp-content\/uploads\/2025\/06\/41-1024x576.png 1024w, https:\/\/pellikaan.com\/wp-content\/uploads\/2025\/06\/41-768x432.png 768w, https:\/\/pellikaan.com\/wp-content\/uploads\/2025\/06\/41-1536x863.png 1536w, https:\/\/pellikaan.com\/wp-content\/uploads\/2025\/06\/41-350x197.png 350w, https:\/\/pellikaan.com\/wp-content\/uploads\/2025\/06\/41.png 1642w\" sizes=\"(max-width: 300px) 100vw, 300px\" \/><\/a>\n\t\t\t<\/div><\/figure><figure class='gallery-item'>\n\t\t\t<div class='gallery-icon landscape'>\n\t\t\t\t<a href='https:\/\/pellikaan.com\/de\/27-2\/'><img decoding=\"async\" width=\"300\" height=\"168\" src=\"https:\/\/pellikaan.com\/wp-content\/uploads\/2025\/06\/27-300x168.png\" class=\"attachment-medium size-medium\" alt=\"\" srcset=\"https:\/\/pellikaan.com\/wp-content\/uploads\/2025\/06\/27-300x168.png 300w, https:\/\/pellikaan.com\/wp-content\/uploads\/2025\/06\/27-1024x573.png 1024w, https:\/\/pellikaan.com\/wp-content\/uploads\/2025\/06\/27-768x430.png 768w, https:\/\/pellikaan.com\/wp-content\/uploads\/2025\/06\/27-1536x860.png 1536w, https:\/\/pellikaan.com\/wp-content\/uploads\/2025\/06\/27-350x196.png 350w, https:\/\/pellikaan.com\/wp-content\/uploads\/2025\/06\/27.png 1644w\" sizes=\"(max-width: 300px) 100vw, 300px\" \/><\/a>\n\t\t\t<\/div><\/figure><figure class='gallery-item'>\n\t\t\t<div class='gallery-icon landscape'>\n\t\t\t\t<a href='https:\/\/pellikaan.com\/de\/13-2\/'><img decoding=\"async\" width=\"300\" height=\"166\" src=\"https:\/\/pellikaan.com\/wp-content\/uploads\/2025\/06\/13-300x166.png\" class=\"attachment-medium size-medium\" alt=\"\" srcset=\"https:\/\/pellikaan.com\/wp-content\/uploads\/2025\/06\/13-300x166.png 300w, https:\/\/pellikaan.com\/wp-content\/uploads\/2025\/06\/13-1024x568.png 1024w, https:\/\/pellikaan.com\/wp-content\/uploads\/2025\/06\/13-768x426.png 768w, https:\/\/pellikaan.com\/wp-content\/uploads\/2025\/06\/13-1536x852.png 1536w, https:\/\/pellikaan.com\/wp-content\/uploads\/2025\/06\/13-350x194.png 350w, https:\/\/pellikaan.com\/wp-content\/uploads\/2025\/06\/13.png 1647w\" sizes=\"(max-width: 300px) 100vw, 300px\" \/><\/a>\n\t\t\t<\/div><\/figure><figure class='gallery-item'>\n\t\t\t<div class='gallery-icon landscape'>\n\t\t\t\t<a href='https:\/\/pellikaan.com\/de\/8-2-2\/'><img decoding=\"async\" width=\"300\" height=\"169\" src=\"https:\/\/pellikaan.com\/wp-content\/uploads\/2025\/06\/8-300x169.png\" class=\"attachment-medium size-medium\" alt=\"\" srcset=\"https:\/\/pellikaan.com\/wp-content\/uploads\/2025\/06\/8-300x169.png 300w, https:\/\/pellikaan.com\/wp-content\/uploads\/2025\/06\/8-1024x576.png 1024w, https:\/\/pellikaan.com\/wp-content\/uploads\/2025\/06\/8-768x432.png 768w, https:\/\/pellikaan.com\/wp-content\/uploads\/2025\/06\/8-1536x864.png 1536w, https:\/\/pellikaan.com\/wp-content\/uploads\/2025\/06\/8-350x197.png 350w, https:\/\/pellikaan.com\/wp-content\/uploads\/2025\/06\/8.png 1637w\" sizes=\"(max-width: 300px) 100vw, 300px\" \/><\/a>\n\t\t\t<\/div><\/figure>\n\t\t<\/div>\n\n<p>[\/vc_column_text][\/vc_column_inner][vc_column_inner column_width_percent=&#8220;100&#8243; gutter_size=&#8220;3&#8243; back_color=&#8220;color-170804&#8243; overlay_alpha=&#8220;50&#8243; shift_x=&#8220;0&#8243; shift_y=&#8220;0&#8243; shift_y_down=&#8220;0&#8243; z_index=&#8220;0&#8243; medium_width=&#8220;0&#8243; mobile_width=&#8220;0&#8243; width=&#8220;1\/4&#8243; el_class=&#8220;default-header-sidebar-right&#8220;][vc_widget_sidebar sidebar_id=&#8220;uber_pellikaan_sidebar-de&#8220;][\/vc_column_inner][\/vc_row_inner][vc_row_inner row_inner_height_percent=&#8220;0&#8243; overlay_alpha=&#8220;50&#8243; gutter_size=&#8220;3&#8243; shift_y=&#8220;0&#8243; z_index=&#8220;0&#8243;][vc_column_inner column_width_percent=&#8220;100&#8243; gutter_size=&#8220;3&#8243; overlay_alpha=&#8220;50&#8243; shift_x=&#8220;0&#8243; shift_y=&#8220;0&#8243; shift_y_down=&#8220;0&#8243; z_index=&#8220;0&#8243; medium_width=&#8220;0&#8243; mobile_width=&#8220;0&#8243; width=&#8220;1\/1&#8243; el_class=&#8220;default-content-block&#8220;][vc_column_text]<div class=\"cta_cover wpb_row row-inner light\"><div class=\"col-lg-1\"><\/div><div class=\"left col-md-5 col-lg-3\" style=\"background-image: url(https:\/\/pellikaan.com\/wp-content\/uploads\/2018\/06\/paul-gerrits.jpg)\"><div class=\"image-overlay\"><div class=\"naam\">Paul Gerrits<\/div><div class=\"role\">Gesch\u00e4ftsf\u00fchrer<\/div><\/div><\/div><div class=\"right col-md-7 col-lg-7\"><div class=\"content\"><h2>Haben Sie eine Frage? Wir helfen Ihnen gern weiter.<\/h2><div class=\"font20\"><p>Schicken Sie uns eine <a href=\"mailto:info@pellikaan.de\">Nachricht<\/a> oder rufen Sie uns an: <a class=\"phone-number\" href=\"tel:02102429060\">02102 42 90 60<\/a>.<\/p><\/div><span class=\"btn-container\"><a href=\"mailto:info@pellikaan.de\" class=\"custom-link btn btn-lg btn-icon-left\">Stellen Sie Ihre Frage<\/a><\/span><\/div><\/div><div class=\"col-lg-1\"><\/div><\/div>[\/vc_column_text][\/vc_column_inner][\/vc_row_inner][\/vc_column][\/vc_row]<\/p>\n<\/div>","protected":false},"excerpt":{"rendered":"<p>[vc_row unlock_row_content=&#8220;yes&#8220; row_height_percent=&#8220;0&#8243; overlay_alpha=&#8220;50&#8243; gutter_size=&#8220;3&#8243; column_width_percent=&#8220;100&#8243; shift_y=&#8220;0&#8243; z_index=&#8220;0&#8243;][vc_column column_width_percent=&#8220;100&#8243; gutter_size=&#8220;3&#8243; back_color=&#8220;color-xsdn&#8220; overlay_alpha=&#8220;50&#8243; shift_x=&#8220;0&#8243; shift_y=&#8220;0&#8243; shift_y_down=&#8220;0&#8243; z_index=&#8220;0&#8243; medium_width=&#8220;0&#8243; mobile_width=&#8220;0&#8243; width=&#8220;1\/1&#8243;][vc_row_inner][vc_column_inner column_width_percent=&#8220;100&#8243; [&hellip;]<\/p>\n","protected":false},"author":35,"featured_media":163263,"parent":0,"menu_order":15,"comment_status":"open","ping_status":"closed","template":"","meta":{"_acf_changed":false,"footnotes":""},"class_list":["post-163023","page","type-page","status-publish","has-post-thumbnail","hentry"],"acf":[],"_links":{"self":[{"href":"https:\/\/pellikaan.com\/de\/wp-json\/wp\/v2\/pages\/163023","targetHints":{"allow":["GET"]}}],"collection":[{"href":"https:\/\/pellikaan.com\/de\/wp-json\/wp\/v2\/pages"}],"about":[{"href":"https:\/\/pellikaan.com\/de\/wp-json\/wp\/v2\/types\/page"}],"author":[{"embeddable":true,"href":"https:\/\/pellikaan.com\/de\/wp-json\/wp\/v2\/users\/35"}],"replies":[{"embeddable":true,"href":"https:\/\/pellikaan.com\/de\/wp-json\/wp\/v2\/comments?post=163023"}],"version-history":[{"count":1,"href":"https:\/\/pellikaan.com\/de\/wp-json\/wp\/v2\/pages\/163023\/revisions"}],"predecessor-version":[{"id":163269,"href":"https:\/\/pellikaan.com\/de\/wp-json\/wp\/v2\/pages\/163023\/revisions\/163269"}],"wp:featuredmedia":[{"embeddable":true,"href":"https:\/\/pellikaan.com\/de\/wp-json\/wp\/v2\/media\/163263"}],"wp:attachment":[{"href":"https:\/\/pellikaan.com\/de\/wp-json\/wp\/v2\/media?parent=163023"}],"curies":[{"name":"wp","href":"https:\/\/api.w.org\/{rel}","templated":true}]}}