{"id":134390,"date":"2018-11-06T11:02:21","date_gmt":"2018-11-06T11:02:21","guid":{"rendered":"https:\/\/pellikaan.com\/?page_id=134390"},"modified":"2023-11-21T13:11:55","modified_gmt":"2023-11-21T12:11:55","slug":"impressum","status":"publish","type":"page","link":"https:\/\/pellikaan.com\/de\/impressum\/","title":{"rendered":"Impressum"},"content":{"rendered":"<div class=\"wpb-content-wrapper\"><p>[vc_row unlock_row_content=&#8220;yes&#8220; row_height_percent=&#8220;0&#8243; overlay_alpha=&#8220;50&#8243; gutter_size=&#8220;3&#8243; column_width_percent=&#8220;100&#8243; shift_y=&#8220;0&#8243; z_index=&#8220;0&#8243;][vc_column column_width_percent=&#8220;100&#8243; gutter_size=&#8220;3&#8243; back_color=&#8220;color-xsdn&#8220; overlay_alpha=&#8220;50&#8243; shift_x=&#8220;0&#8243; shift_y=&#8220;0&#8243; shift_y_down=&#8220;0&#8243; z_index=&#8220;0&#8243; medium_width=&#8220;0&#8243; mobile_width=&#8220;0&#8243; width=&#8220;1\/1&#8243;][vc_row_inner][vc_column_inner column_width_percent=&#8220;100&#8243; gutter_size=&#8220;3&#8243; back_color=&#8220;color-xsdn&#8220; overlay_alpha=&#8220;50&#8243; shift_x=&#8220;0&#8243; shift_y=&#8220;-5&#8243; shift_y_down=&#8220;0&#8243; z_index=&#8220;0&#8243; medium_width=&#8220;0&#8243; mobile_width=&#8220;0&#8243; width=&#8220;3\/4&#8243; el_class=&#8220;default-header-block-left&#8220;][vc_custom_heading heading_semantic=&#8220;h1&#8243; text_size=&#8220;h1&#8243;]<\/p>\n<h1 class=\"p1\"><span class=\"s1\">Impressum<\/span><\/h1>\n<p>[\/vc_custom_heading][vc_column_text el_class=&#8220;body_text&#8220; uncode_shortcode_id=&#8220;138208&#8243;]<\/p>\n<h4>Diensteanbieter<\/h4>\n<p>Anbieterkennzeichnung gem. \u00a7 5 des Telemediengesetzes (TMG) und Verordnung \u00fcber Informationspflichten f\u00fcr Dienstleistungserbringer (DL-InfoV)<\/p>\n<p>&nbsp;<\/p>\n<p>Pellikaan Bauunternehmen Deutschland GmbH<br \/>\nGesch\u00e4ftsf\u00fchrer: Paul Gerrits<br \/>\nKaiserswerther Stra\u00dfe 115<br \/>\n40880 Ratingen<br \/>\nTelefon 02102 429060<br \/>\nE-Mail pgerrits@pellikaan.com<\/p>\n<p>Handelsregister: HRB 438 72<br \/>\nUmsatzsteuer-Ident-Nr: DE 121 305 573<\/p>\n<p>&nbsp;<\/p>\n<p>Verantwortlicher nach \u00a7 55 Abs. 2 RStV: Paul Gerrits<br \/>\nAnschrift: siehe Diensteanbieter<\/p>\n<p>&nbsp;<\/p>\n<p>Plattform der EU zur au\u00dfergerichtlichen Online-Streitbeilegung: <a href=\"http:\/\/ec.europa.eu\/consumers\/odr\/\" target=\"_blank\" rel=\"noopener\">http:\/\/ec.europa.eu\/consumers\/odr\/<\/a>.<br \/>\nEine Bereitschaft am Streitbeilegungsverfahren vor der zust\u00e4ndigen Verbraucherstreitbeilegungsstelle teilzunehmen besteht derzeit nicht.[\/vc_column_text][vc_column_text el_class=&#8220;body_text&#8220;]<\/p>\n<h4>Links zu anderen Webseiten<\/h4>\n<p>Bei direkten oder indirekten Verweisen auf fremde Webseiten (Hyperlinks), die au\u00dferhalb des Verantwortungsbereiches der Pellikaan Bauunternehmen Deutschland GmbH liegt, w\u00fcrde eine Haftungsverpflichtung ausschlie\u00dflich in dem Fall in Kraft treten, in dem die Pellikaan Bauunternehmen Deutschland GmbH von den Inhalten Kenntnis hat und es technisch m\u00f6glich und zumutbar w\u00e4re, die Nutzung im Falle rechtswidriger Inhalte zu verhindern. Die Pellikaan Bauunternehmen Deutschland GmbH erkl\u00e4rt hiermit ausdr\u00fccklich, dass zum Zeitpunkt der Linksetzung keine illegalen Inhalte auf den zu verlinkenden Seiten erkennbar waren. Auf die aktuelle und zuk\u00fcnftige Gestaltung, die Inhalte oder die Urheberschaft der verlinkten Seiten hat die Pellikaan Bauunternehmen Deutschland GmbH keinerlei Einfluss. Deshalb distanziert sich die Pellikaan Bauunternehmen Deutschland GmbH hiermit ausdr\u00fccklich von allen Inhalten aller verlinkten Seiten, die nach der Linksetzung ver\u00e4ndert wurden. Diese Feststellung gilt f\u00fcr alle innerhalb des eigenen Internetangebotes gesetzten Links und Verweise sowie f\u00fcr Fremdeintr\u00e4ge in von der Pellikaan Bauunternehmen Deutschland GmbH eingerichteten Linkverzeichnissen, Mailinglisten und in allen anderen Formen von Datenbanken, auf deren Inhalt externe Schreibzugriffe m\u00f6glich sind. F\u00fcr illegale, fehlerhafte oder unvollst\u00e4ndige Inhalte und insbesondere f\u00fcr Sch\u00e4den, die aus der Nutzung oder Nichtnutzung solcherart dargebotener Informationen entstehen, haftet allein der Anbieter der Seite, auf welche verwiesen wurde, nicht derjenige, der \u00fcber Links auf die jeweilige Ver\u00f6ffentlichung lediglich verweist.<\/p>\n<h4>Urheberrecht<\/h4>\n<p>Copyright \u00a9 Pellikaan Bauunternehmen Deutschland GmbH.<br \/>\nAlle Rechte sind vorbehalten. Alle Texte, Bilder, Grafiken und sonstige Dateien sowie ihre Arrangements unterliegen dem Urheberrecht und anderen Gesetzen zum Schutz geistigen Eigentums. Sie d\u00fcrfen weder f\u00fcr Handelszwecke oder zur Weitergabe kopiert, noch ver\u00e4ndert und auf anderen Webseiten verwendet werden.<\/p>\n<h4>Bildnachweise<\/h4>\n<p>Hier sind die auf der Seite verwendeten Bilder mit Urhebern zu nennen, falls Archive eingesetzt werden, welches Motiv von welchem Archiv stammt (Zuordnung) m\u00f6glichst nebst Angabe des konkreten Urhebers\/Fotographen.<\/p>\n<h4>Haftungsausschluss<\/h4>\n<p>Die Inhalte dieser Webseite sind nach bestem Wissen und Kenntnisstand erstellt worden. In keinem Fall kann die Pellikaan Bauunternehmen Deutschland GmbH f\u00fcr etwaige Sch\u00e4den irgendwelcher Art verantwortlich gemacht werden, die durch die Benutzung oder im Zusammenhang mit der Benutzung der hier bereitgestellten Informationen entstehen, seien es direkte oder indirekte Sch\u00e4den bzw. Folgesch\u00e4den.<\/p>\n<h4>Marken- und Warenzeichen<\/h4>\n<p>Alle innerhalb dieses Internetauftritts genannten und abgebildeten Logos-, Marken- und Warenzeichen unterliegen uneingeschr\u00e4nkt den Bestimmungen des jeweils g\u00fcltigen Kennzeichnungsrechtes und gegebenenfalls den Besitzrechten der jeweiligen eingetragenen Eigent\u00fcmer.[\/vc_column_text][\/vc_column_inner][vc_column_inner column_width_percent=&#8220;100&#8243; gutter_size=&#8220;3&#8243; back_color=&#8220;color-170804&#8243; overlay_alpha=&#8220;50&#8243; shift_x=&#8220;0&#8243; shift_y=&#8220;0&#8243; shift_y_down=&#8220;0&#8243; z_index=&#8220;0&#8243; medium_width=&#8220;0&#8243; mobile_width=&#8220;0&#8243; width=&#8220;1\/4&#8243; el_class=&#8220;default-header-sidebar-right&#8220;][vc_widget_sidebar sidebar_id=&#8220;uber_pellikaan_sidebar-de&#8220;][\/vc_column_inner][\/vc_row_inner][vc_row_inner row_inner_height_percent=&#8220;0&#8243; overlay_alpha=&#8220;50&#8243; gutter_size=&#8220;3&#8243; shift_y=&#8220;0&#8243; z_index=&#8220;0&#8243;][vc_column_inner column_width_percent=&#8220;100&#8243; gutter_size=&#8220;3&#8243; overlay_alpha=&#8220;50&#8243; shift_x=&#8220;0&#8243; shift_y=&#8220;0&#8243; shift_y_down=&#8220;0&#8243; z_index=&#8220;0&#8243; medium_width=&#8220;0&#8243; mobile_width=&#8220;0&#8243; width=&#8220;1\/1&#8243; el_class=&#8220;default-content-block&#8220;][vc_column_text]<div class=\"cta_cover wpb_row row-inner dark\"><div class=\"col-lg-1\"><\/div><div class=\"left col-md-5 col-lg-3\" style=\"background-image: url(https:\/\/pellikaan.com\/wp-content\/uploads\/2018\/06\/paul-gerrits.jpg)\"><div class=\"image-overlay\"><div class=\"naam\">Paul Gerrits<\/div><div class=\"role\">Gesch\u00e4ftsf\u00fchrer<\/div><\/div><\/div><div class=\"right col-md-7 col-lg-7\"><div class=\"content\"><h2>Haben Sie eine Frage? Wir helfen Ihnen gern weiter.<\/h2><div class=\"font20\"><p>Schicken Sie uns eine <a href=\"mailto:info@pellikaan.de\">Nachricht<\/a> oder rufen Sie uns an: <a class=\"phone-number\" href=\"tel:02102429060\">02102 42 90 60<\/a>.<\/p><\/div><span class=\"btn-container\"><a href=\"mailto:info@pellikaan.de\" class=\"custom-link btn btn-lg btn-icon-left\">Stellen Sie Ihre Frage<\/a><\/span><\/div><\/div><div class=\"col-lg-1\"><\/div><\/div>[\/vc_column_text][\/vc_column_inner][\/vc_row_inner][\/vc_column][\/vc_row]<\/p>\n<\/div>","protected":false},"excerpt":{"rendered":"<p>[vc_row unlock_row_content=&#8220;yes&#8220; row_height_percent=&#8220;0&#8243; overlay_alpha=&#8220;50&#8243; gutter_size=&#8220;3&#8243; column_width_percent=&#8220;100&#8243; shift_y=&#8220;0&#8243; z_index=&#8220;0&#8243;][vc_column column_width_percent=&#8220;100&#8243; gutter_size=&#8220;3&#8243; back_color=&#8220;color-xsdn&#8220; overlay_alpha=&#8220;50&#8243; shift_x=&#8220;0&#8243; shift_y=&#8220;0&#8243; shift_y_down=&#8220;0&#8243; z_index=&#8220;0&#8243; medium_width=&#8220;0&#8243; mobile_width=&#8220;0&#8243; width=&#8220;1\/1&#8243;][vc_row_inner][vc_column_inner column_width_percent=&#8220;100&#8243; [&hellip;]<\/p>\n","protected":false},"author":6,"featured_media":74255,"parent":0,"menu_order":56,"comment_status":"open","ping_status":"closed","template":"","meta":{"_acf_changed":false,"footnotes":""},"class_list":["post-134390","page","type-page","status-publish","has-post-thumbnail","hentry"],"acf":[],"_links":{"self":[{"href":"https:\/\/pellikaan.com\/de\/wp-json\/wp\/v2\/pages\/134390","targetHints":{"allow":["GET"]}}],"collection":[{"href":"https:\/\/pellikaan.com\/de\/wp-json\/wp\/v2\/pages"}],"about":[{"href":"https:\/\/pellikaan.com\/de\/wp-json\/wp\/v2\/types\/page"}],"author":[{"embeddable":true,"href":"https:\/\/pellikaan.com\/de\/wp-json\/wp\/v2\/users\/6"}],"replies":[{"embeddable":true,"href":"https:\/\/pellikaan.com\/de\/wp-json\/wp\/v2\/comments?post=134390"}],"version-history":[{"count":0,"href":"https:\/\/pellikaan.com\/de\/wp-json\/wp\/v2\/pages\/134390\/revisions"}],"wp:featuredmedia":[{"embeddable":true,"href":"https:\/\/pellikaan.com\/de\/wp-json\/wp\/v2\/media\/74255"}],"wp:attachment":[{"href":"https:\/\/pellikaan.com\/de\/wp-json\/wp\/v2\/media?parent=134390"}],"curies":[{"name":"wp","href":"https:\/\/api.w.org\/{rel}","templated":true}]}}