{"id":127425,"date":"2018-03-09T08:39:40","date_gmt":"2018-03-09T08:39:40","guid":{"rendered":"https:\/\/pellikaan.com\/home\/"},"modified":"2023-07-25T13:58:20","modified_gmt":"2023-07-25T11:58:20","slug":"home-2","status":"publish","type":"page","link":"https:\/\/pellikaan.com\/be-NL\/","title":{"rendered":"Home"},"content":{"rendered":"<div class=\"wpb-content-wrapper\"><p>[vc_row unlock_row=&#8221;&#8221; row_height_percent=&#8221;0&#8243; override_padding=&#8221;yes&#8221; h_padding=&#8221;0&#8243; top_padding=&#8221;0&#8243; bottom_padding=&#8221;0&#8243; overlay_alpha=&#8221;100&#8243; gutter_size=&#8221;100&#8243; column_width_percent=&#8221;100&#8243; shift_y=&#8221;0&#8243; z_index=&#8221;0&#8243; style=&#8221;inherited&#8221; row_name=&#8221;welkom&#8221; uncode_shortcode_id=&#8221;232832&#8243; el_class=&#8221;default-spacing&#8221; css=&#8221;.vc_custom_1686138633179{padding-top: 80px !important;}&#8221;][vc_column width=&#8221;1\/12&#8243;][\/vc_column][vc_column column_width_use_pixel=&#8221;yes&#8221; align_horizontal=&#8221;align_center&#8221; gutter_size=&#8221;4&#8243; font_family=&#8221;font-134980&#8243; overlay_alpha=&#8221;100&#8243; shift_x=&#8221;0&#8243; shift_y=&#8221;0&#8243; medium_width=&#8221;0&#8243; zoom_width=&#8221;0&#8243; zoom_height=&#8221;0&#8243; width=&#8221;2\/3&#8243;][vc_column_text css_animation=&#8221;bottom-t-top&#8221; animation_speed=&#8221;200&#8243; animation_delay=&#8221;200&#8243; el_class=&#8221;heading40&#8243;]<\/p>\n<h2 class=\"p1\" style=\"text-align: left;\"><span class=\"s1\"><b>Pellikaan is een familie van bouwers<\/b><\/span><\/h2>\n<p>[\/vc_column_text][vc_column_text css_animation=&#8221;right-t-left&#8221; animation_speed=&#8221;200&#8243; animation_delay=&#8221;500&#8243; el_class=&#8221;font22&#8243;]<\/p>\n<p style=\"text-align: left;\">Bouwen m\u00e9t mensen, bouwen v\u00f3\u00f3r mensen. Onze constructies leggen de basis voor de voornaamste maatschappelijke pijlers: leren, werken en ontspannen. Wij denken niet enkel aan morgen, maar ook aan de verdere toekomst. Daarom maken we uw gebouwen duurzaam, aangenaam en effici\u00ebnt.<\/p>\n<p>[\/vc_column_text][vc_button button_color=&#8221;color-210407&#8243; size=&#8221;btn-lg&#8221; radius=&#8221;btn-square&#8221; custom_typo=&#8221;yes&#8221; font_family=&#8221;font-130943&#8243; font_weight=&#8221;600&#8243; text_transform=&#8221;capitalize&#8221; border_width=&#8221;0&#8243; css_animation=&#8221;bottom-t-top&#8221; animation_speed=&#8221;200&#8243; animation_delay=&#8221;700&#8243; el_class=&#8221;button16&#8243; link=&#8221;url:%2Fbe-NL%2Fover-pellikaan-2%2F|||&#8221;]Ontdek Pellikaan[\/vc_button][\/vc_column][vc_column width=&#8221;1\/4&#8243;][\/vc_column][\/vc_row][vc_row row_height_percent=&#8221;0&#8243; overlay_alpha=&#8221;50&#8243; gutter_size=&#8221;3&#8243; column_width_percent=&#8221;100&#8243; shift_y=&#8221;0&#8243; z_index=&#8221;0&#8243; el_class=&#8221;homeexp default-spacing&#8221; uncode_shortcode_id=&#8221;178270&#8243;][vc_column width=&#8221;1\/1&#8243;][vc_column_text]<div class=\"exp_cover wpb_row row-inner\"><div class=\"title-area col-lg-4\"><h2>E\u00e9n partner voor het complete project.<\/h2><p>Van de eerste idee\u00ebn tot ver na de opening zorgt ons team voor alle aspecten van uw project.<\/p><div class=\"btn-container\"><a href=\"\/be-NL\/expertises\" class=\"custom-link btn btn-lg\">Onze expertises<\/a><\/div><\/div><div class=\"col-lg-2\"><\/div><div class=\"content_column col-lg-6\"><div class=\"wpb_row row-inner expertises_container\"><a href=\"\/be-NL\/expertises\/design\" class=\"col-lg-6 single-item 0\"><div class=\"imagecover\"><img decoding=\"async\" src=\"https:\/\/pellikaan.com\/wp-content\/uploads\/2018\/03\/design-pellikaan-header.jpg\" \/><\/div><div class=\"content-part\"><p class=\"title\">Design<\/p><p class=\"subtitle\">Weldoordacht design<\/p><\/div><\/a><a href=\"\/be-NL\/expertises\/build\" class=\"col-lg-6 single-item 1\"><div class=\"imagecover\"><img decoding=\"async\" src=\"https:\/\/pellikaan.com\/wp-content\/uploads\/2018\/06\/build-pellikaan-header.jpg\" \/><\/div><div class=\"content-part\"><p class=\"title\">Build<\/p><p class=\"subtitle\">Samen stevig in de steigers<\/p><\/div><\/a><a href=\"\/be-NL\/expertises\/operate\" class=\"col-lg-6 single-item 2\"><div class=\"imagecover\"><img decoding=\"async\" src=\"https:\/\/pellikaan.com\/wp-content\/uploads\/2018\/06\/operate-pellikaan-header.jpg\" \/><\/div><div class=\"content-part\"><p class=\"title\">Operate<\/p><p class=\"subtitle\">Beproefde innovatie<\/p><\/div><\/a><a href=\"\/be-NL\/expertises\/maintain\" class=\"col-lg-6 single-item 3\"><div class=\"imagecover\"><img decoding=\"async\" src=\"https:\/\/pellikaan.com\/wp-content\/uploads\/2018\/03\/maintain-pellikaan-header.jpg\" \/><\/div><div class=\"content-part\"><p class=\"title\">Maintain<\/p><p class=\"subtitle\">Leg de fundering voor morgen<\/p><\/div><\/a><\/div><\/div><\/div>[\/vc_column_text][\/vc_column][\/vc_row][vc_row unlock_row_content=&#8221;yes&#8221; row_height_percent=&#8221;0&#8243; override_padding=&#8221;yes&#8221; h_padding=&#8221;0&#8243; top_padding=&#8221;0&#8243; bottom_padding=&#8221;0&#8243; overlay_alpha=&#8221;50&#8243; gutter_size=&#8221;3&#8243; column_width_percent=&#8221;100&#8243; shift_y=&#8221;0&#8243; z_index=&#8221;0&#8243; uncode_shortcode_id=&#8221;318515&#8243; el_class=&#8221;default-spacing projectenshort&#8221;][vc_column width=&#8221;1\/1&#8243;][vc_column_text]<div class=\"proj_cover\"><div class=\"head\"><div class=\"heading35\"><h2>Onze projecten<\/h2><\/div>\n\t\t\t<a href=\"\/be-NL\/projecten-2\" class=\"simple_link\">\n\t\t\t\t<span>Bekijk alle projecten<\/span>\n\t\t\t\t<svg width=\"16\" height=\"12\" viewBox=\"0 0 16 12\" fill=\"none\" xmlns=\"http:\/\/www.w3.org\/2000\/svg\">\n\t\t\t\t\t<path fill-rule=\"evenodd\" clip-rule=\"evenodd\" d=\"M10.5101 0L9.06177 1.31174L12.4673 5.02348H0V6.9668H12.4673L9.06177 10.6883L10.5101 12L16 5.99514L10.5101 0Z\" fill=\"#346088\"\/>\n\t\t\t\t<\/svg>\n\t\t\t<\/a>\n\t\t<\/div><div class=\"proj_inner_cover\"><div class=\"projecten-slider\"><div id=\"projecten_slide\" class=\"pro_state\"><div class=\"slide\">\n\t\t\t\t\t\t<a href=\"https:\/\/pellikaan.com\/be-NL\/projecten\/sporthal-t-zand-in-tremelo\/\">\n\t\t\t\t\t\t\t<div class=\"bgi\">\n\t\t\t\t\t\t\t\t<img decoding=\"async\" src=\"https:\/\/pellikaan.com\/wp-content\/uploads\/2025\/09\/2508-Pellikaan-tZand-C-BGosselin-01.jpg\" \/>\n\t\t\t\t\t\t\t<\/div>\n\t\t\t\t\t\t<\/a>\n\t\t\t\t\t<\/div><div class=\"slide\">\n\t\t\t\t\t\t<a href=\"https:\/\/pellikaan.com\/be-NL\/projecten\/circulaire-sporthal-den-turfput-in-zemst\/\">\n\t\t\t\t\t\t\t<div class=\"bgi\">\n\t\t\t\t\t\t\t\t<img decoding=\"async\" src=\"https:\/\/pellikaan.com\/wp-content\/uploads\/2025\/09\/2506-Pell-Turfput-Zemst-01.jpg\" \/>\n\t\t\t\t\t\t\t<\/div>\n\t\t\t\t\t\t<\/a>\n\t\t\t\t\t<\/div><div class=\"slide\">\n\t\t\t\t\t\t<a href=\"https:\/\/pellikaan.com\/be-NL\/projecten\/sportcomplex-bergisch-gladbach\/\">\n\t\t\t\t\t\t\t<div class=\"bgi\">\n\t\t\t\t\t\t\t\t<img decoding=\"async\" src=\"https:\/\/pellikaan.com\/wp-content\/uploads\/2025\/09\/20250826-Sportkomplex-Mohnweg-0173-web.jpg\" \/>\n\t\t\t\t\t\t\t<\/div>\n\t\t\t\t\t\t<\/a>\n\t\t\t\t\t<\/div><div class=\"slide\">\n\t\t\t\t\t\t<a href=\"https:\/\/pellikaan.com\/be-NL\/projecten\/onderwijscentrum-leijpark\/\">\n\t\t\t\t\t\t\t<div class=\"bgi\">\n\t\t\t\t\t\t\t\t<img decoding=\"async\" src=\"https:\/\/pellikaan.com\/wp-content\/uploads\/2025\/09\/LR-LC-Leijpark-Buitenfotos-7.jpg\" \/>\n\t\t\t\t\t\t\t<\/div>\n\t\t\t\t\t\t<\/a>\n\t\t\t\t\t<\/div><div class=\"slide\">\n\t\t\t\t\t\t<a href=\"https:\/\/pellikaan.com\/be-NL\/projecten\/bedford-greenacre-independent-school\/\">\n\t\t\t\t\t\t\t<div class=\"bgi\">\n\t\t\t\t\t\t\t\t<img decoding=\"async\" src=\"https:\/\/pellikaan.com\/wp-content\/uploads\/2025\/07\/Greenacre-110625-007-copy-1500px-copy-web-1.jpg\" \/>\n\t\t\t\t\t\t\t<\/div>\n\t\t\t\t\t\t<\/a>\n\t\t\t\t\t<\/div><div class=\"slide\">\n\t\t\t\t\t\t<a href=\"https:\/\/pellikaan.com\/be-NL\/projecten\/zwembad-durmehal-lokeren\/\">\n\t\t\t\t\t\t\t<div class=\"bgi\">\n\t\t\t\t\t\t\t\t<img decoding=\"async\" src=\"https:\/\/pellikaan.com\/wp-content\/uploads\/2024\/03\/2403-Pellik-Durmebad-07.jpg\" \/>\n\t\t\t\t\t\t\t<\/div>\n\t\t\t\t\t\t<\/a>\n\t\t\t\t\t<\/div><div class=\"slide\">\n\t\t\t\t\t\t<a href=\"https:\/\/pellikaan.com\/be-NL\/projecten\/sport-en-jeugdsite-koldam-hoeilaart\/\">\n\t\t\t\t\t\t\t<div class=\"bgi\">\n\t\t\t\t\t\t\t\t<img decoding=\"async\" src=\"https:\/\/pellikaan.com\/wp-content\/uploads\/2024\/03\/2308-Pellik-Hoeilaaert-11.jpg\" \/>\n\t\t\t\t\t\t\t<\/div>\n\t\t\t\t\t\t<\/a>\n\t\t\t\t\t<\/div><div class=\"slide\">\n\t\t\t\t\t\t<a href=\"https:\/\/pellikaan.com\/be-NL\/projecten\/voetbalaccommodatie-de-schans-puurs\/\">\n\t\t\t\t\t\t\t<div class=\"bgi\">\n\t\t\t\t\t\t\t\t<img decoding=\"async\" src=\"https:\/\/pellikaan.com\/wp-content\/uploads\/2024\/03\/202301-Pellikaan-Kalfort-44.jpg\" \/>\n\t\t\t\t\t\t\t<\/div>\n\t\t\t\t\t\t<\/a>\n\t\t\t\t\t<\/div><\/div><div id=\"projecten_data_slide\" class=\"pro_state\"><div class=\"slide\">\n\t\t\t\t\t\t\t   <div class=\"content\">\n\t\t\t\t\t\t\t\t   <div class=\"inner-content clickblock\">\n\t\t\t\t\t\t\t\t\t   \t<h3><a href=\"https:\/\/pellikaan.com\/be-NL\/projecten\/sporthal-t-zand-in-tremelo\/\">Sporthal \u2019t Zand in Tremelo<\/a><\/h3>\n\t\t\t\t\t\t\t\t\t   \t<div class=\"font22\"><p>Een volledig nieuw, multifunctionele sporthal...<\/p><\/div><div class=\"btn-container\"><a href=\"https:\/\/pellikaan.com\/be-NL\/projecten\/sporthal-t-zand-in-tremelo\/\" class=\"custom-link btn btn-lg\">Bekijk project<\/a><\/div><\/div>\n\t\t\t\t\t\t\t\t<\/div>\n\t\t\t\t\t\t\t<\/div><div class=\"slide\">\n\t\t\t\t\t\t\t   <div class=\"content\">\n\t\t\t\t\t\t\t\t   <div class=\"inner-content clickblock\">\n\t\t\t\t\t\t\t\t\t   \t<h3><a href=\"https:\/\/pellikaan.com\/be-NL\/projecten\/circulaire-sporthal-den-turfput-in-zemst\/\">Circulaire sporthal Den Turfput in Zemst<\/a><\/h3>\n\t\t\t\t\t\t\t\t\t   \t<div class=\"font22\"><p>Dit project is een schoolvoorbeeld van circulair bouwen. ...<\/p><\/div><div class=\"btn-container\"><a href=\"https:\/\/pellikaan.com\/be-NL\/projecten\/circulaire-sporthal-den-turfput-in-zemst\/\" class=\"custom-link btn btn-lg\">Bekijk project<\/a><\/div><\/div>\n\t\t\t\t\t\t\t\t<\/div>\n\t\t\t\t\t\t\t<\/div><div class=\"slide\">\n\t\t\t\t\t\t\t   <div class=\"content\">\n\t\t\t\t\t\t\t\t   <div class=\"inner-content clickblock\">\n\t\t\t\t\t\t\t\t\t   \t<h3><a href=\"https:\/\/pellikaan.com\/be-NL\/projecten\/sportcomplex-bergisch-gladbach\/\">Sportcomplex Bergisch Gladbach<\/a><\/h3>\n\t\t\t\t\t\t\t\t\t   \t<div class=\"font22\"><p>In Bergisch Gladbach realiseerden we het eerste vrijwel volledig in hout gebouwde zwembad. ...<\/p><\/div><div class=\"btn-container\"><a href=\"https:\/\/pellikaan.com\/be-NL\/projecten\/sportcomplex-bergisch-gladbach\/\" class=\"custom-link btn btn-lg\">Bekijk project<\/a><\/div><\/div>\n\t\t\t\t\t\t\t\t<\/div>\n\t\t\t\t\t\t\t<\/div><div class=\"slide\">\n\t\t\t\t\t\t\t   <div class=\"content\">\n\t\t\t\t\t\t\t\t   <div class=\"inner-content clickblock\">\n\t\t\t\t\t\t\t\t\t   \t<h3><a href=\"https:\/\/pellikaan.com\/be-NL\/projecten\/onderwijscentrum-leijpark\/\">Onderwijscentrum Leijpark<\/a><\/h3>\n\t\t\t\t\t\t\t\t\t   \t<div class=\"font22\"><p>Onderwijscentrum Leijpark is een school van 7.021 m\u00b2 bvo voor kinderen en jongeren die specialistische ondersteuning nodig hebben bij leren en ontwikkelen. ...<\/p><\/div><div class=\"btn-container\"><a href=\"https:\/\/pellikaan.com\/be-NL\/projecten\/onderwijscentrum-leijpark\/\" class=\"custom-link btn btn-lg\">Bekijk project<\/a><\/div><\/div>\n\t\t\t\t\t\t\t\t<\/div>\n\t\t\t\t\t\t\t<\/div><div class=\"slide\">\n\t\t\t\t\t\t\t   <div class=\"content\">\n\t\t\t\t\t\t\t\t   <div class=\"inner-content clickblock\">\n\t\t\t\t\t\t\t\t\t   \t<h3><a href=\"https:\/\/pellikaan.com\/be-NL\/projecten\/bedford-greenacre-independent-school\/\">Bedford Greenacre Independent School<\/a><\/h3>\n\t\t\t\t\t\t\t\t\t   \t<div class=\"font22\"><p>Bedford Greenacre Independent School is een vooruitstrevende onderwijsomgeving, zorgvuldig ontworpen om elke fase van de ontwikkeling van de leerling te ondersteunen....<\/p><\/div><div class=\"btn-container\"><a href=\"https:\/\/pellikaan.com\/be-NL\/projecten\/bedford-greenacre-independent-school\/\" class=\"custom-link btn btn-lg\">Bekijk project<\/a><\/div><\/div>\n\t\t\t\t\t\t\t\t<\/div>\n\t\t\t\t\t\t\t<\/div><div class=\"slide\">\n\t\t\t\t\t\t\t   <div class=\"content\">\n\t\t\t\t\t\t\t\t   <div class=\"inner-content clickblock\">\n\t\t\t\t\t\t\t\t\t   \t<h3><a href=\"https:\/\/pellikaan.com\/be-NL\/projecten\/zwembad-durmehal-lokeren\/\">Zwembad Durmehal Lokeren<\/a><\/h3>\n\t\t\t\t\t\t\t\t\t   \t<div class=\"font22\"><p>Nieuw familiezwembad....<\/p><\/div><div class=\"btn-container\"><a href=\"https:\/\/pellikaan.com\/be-NL\/projecten\/zwembad-durmehal-lokeren\/\" class=\"custom-link btn btn-lg\">Bekijk project<\/a><\/div><\/div>\n\t\t\t\t\t\t\t\t<\/div>\n\t\t\t\t\t\t\t<\/div><div class=\"slide\">\n\t\t\t\t\t\t\t   <div class=\"content\">\n\t\t\t\t\t\t\t\t   <div class=\"inner-content clickblock\">\n\t\t\t\t\t\t\t\t\t   \t<h3><a href=\"https:\/\/pellikaan.com\/be-NL\/projecten\/sport-en-jeugdsite-koldam-hoeilaart\/\">Sport- en jeugdsite Koldam Hoeilaart<\/a><\/h3>\n\t\t\t\t\t\t\t\t\t   \t<div class=\"font22\"><p>Make-over jeugd- en sportinfrastructuur in Hoeilaart....<\/p><\/div><div class=\"btn-container\"><a href=\"https:\/\/pellikaan.com\/be-NL\/projecten\/sport-en-jeugdsite-koldam-hoeilaart\/\" class=\"custom-link btn btn-lg\">Bekijk project<\/a><\/div><\/div>\n\t\t\t\t\t\t\t\t<\/div>\n\t\t\t\t\t\t\t<\/div><div class=\"slide\">\n\t\t\t\t\t\t\t   <div class=\"content\">\n\t\t\t\t\t\t\t\t   <div class=\"inner-content clickblock\">\n\t\t\t\t\t\t\t\t\t   \t<h3><a href=\"https:\/\/pellikaan.com\/be-NL\/projecten\/voetbalaccommodatie-de-schans-puurs\/\">Voetbalaccommodatie De Schans Puurs<\/a><\/h3>\n\t\t\t\t\t\t\t\t\t   \t<div class=\"font22\"><p>Nieuw voetbalgebouw is de laatste schakel in sportpark De Schans....<\/p><\/div><div class=\"btn-container\"><a href=\"https:\/\/pellikaan.com\/be-NL\/projecten\/voetbalaccommodatie-de-schans-puurs\/\" class=\"custom-link btn btn-lg\">Bekijk project<\/a><\/div><\/div>\n\t\t\t\t\t\t\t\t<\/div>\n\t\t\t\t\t\t\t<\/div><\/div><div class=\"slider_navigation\"><div class=\"to_left\">\n\t\t\t\t\t\t<svg width=\"16\" height=\"12\" viewBox=\"0 0 16 12\" fill=\"none\" xmlns=\"http:\/\/www.w3.org\/2000\/svg\">\n\t\t\t\t\t\t\t<path fill-rule=\"evenodd\" clip-rule=\"evenodd\" d=\"M5.48991 0L6.93823 1.31174L3.53272 5.02348H16V6.9668H3.53272L6.93823 10.6883L5.48991 12L0 5.99514L5.48991 0Z\" fill=\"#346088\"\/>\n\t\t\t\t\t\t<\/svg><span>Vorige<\/span><\/div><div class=\"to_right\"><span>Volgende<\/span><svg width=\"16\" height=\"12\" viewBox=\"0 0 16 12\" fill=\"none\" xmlns=\"http:\/\/www.w3.org\/2000\/svg\">\n\t\t\t\t\t\t\t<path fill-rule=\"evenodd\" clip-rule=\"evenodd\" d=\"M10.5101 0L9.06177 1.31174L12.4673 5.02348H0V6.9668H12.4673L9.06177 10.6883L10.5101 12L16 5.99514L10.5101 0Z\" fill=\"#346088\"\/>\n\t\t\t\t\t\t<\/svg>\n\t\t\t\t\t<\/div><\/div><\/div><\/div><\/div>[\/vc_column_text][\/vc_column][\/vc_row][vc_row row_height_percent=&#8221;0&#8243; override_padding=&#8221;yes&#8221; h_padding=&#8221;2&#8243; top_padding=&#8221;0&#8243; bottom_padding=&#8221;0&#8243; overlay_alpha=&#8221;50&#8243; gutter_size=&#8221;0&#8243; column_width_percent=&#8221;100&#8243; shift_y=&#8221;0&#8243; z_index=&#8221;0&#8243; uncode_shortcode_id=&#8221;476484&#8243; el_class=&#8221;default-spacing&#8221;][vc_column width=&#8221;1\/1&#8243;][vc_column_text uncode_shortcode_id=&#8221;201575&#8243;]<div class=\"cta_cover wpb_row row-inner light\"><div class=\"col-lg-1\"><\/div><div class=\"left col-md-5 col-lg-3\" style=\"background-image: url(https:\/\/pellikaan.com\/wp-content\/uploads\/2023\/07\/SvenReynaert-landscape-1-scaled-1.jpg)\"><div class=\"image-overlay\"><div class=\"naam\">Sven Reynaert<\/div><div class=\"role\">Algemeen directeur<\/div><\/div><\/div><div class=\"right col-md-7 col-lg-7\"><div class=\"content\"><h2>Heeft u een vraag? We helpen u graag verder.<\/h2><div class=\"font20\"><p>Stuur een <a href=\"mailto:info@pellikaan.be\">bericht<\/a> of bel ons op <a href=\"tel:027205845\" target=\"_blank\">027205845<\/a>.<\/p><\/div><span class=\"btn-container\"><a href=\"mailto:info@pellikaan.be\" class=\"custom-link btn btn-lg btn-icon-left\">Stel een vraag<\/a><\/span><\/div><\/div><div class=\"col-lg-1\"><\/div><\/div>[\/vc_column_text][\/vc_column][\/vc_row]<\/p>\n<\/div>","protected":false},"excerpt":{"rendered":"<p>[vc_row unlock_row=&#8221;&#8221; row_height_percent=&#8221;0&#8243; override_padding=&#8221;yes&#8221; h_padding=&#8221;0&#8243; top_padding=&#8221;0&#8243; bottom_padding=&#8221;0&#8243; overlay_alpha=&#8221;100&#8243; gutter_size=&#8221;100&#8243; column_width_percent=&#8221;100&#8243; shift_y=&#8221;0&#8243; z_index=&#8221;0&#8243; style=&#8221;inherited&#8221; row_name=&#8221;welkom&#8221; uncode_shortcode_id=&#8221;232832&#8243; el_class=&#8221;default-spacing&#8221; css=&#8221;.vc_custom_1686138633179{padding-top: 80px !important;}&#8221;][vc_column width=&#8221;1\/12&#8243;][\/vc_column][vc_column [&hellip;]<\/p>\n","protected":false},"author":29,"featured_media":0,"parent":0,"menu_order":51,"comment_status":"closed","ping_status":"closed","template":"home-page.php","meta":{"_acf_changed":false,"footnotes":""},"class_list":["post-127425","page","type-page","status-publish","hentry"],"acf":[],"_links":{"self":[{"href":"https:\/\/pellikaan.com\/be-NL\/wp-json\/wp\/v2\/pages\/127425","targetHints":{"allow":["GET"]}}],"collection":[{"href":"https:\/\/pellikaan.com\/be-NL\/wp-json\/wp\/v2\/pages"}],"about":[{"href":"https:\/\/pellikaan.com\/be-NL\/wp-json\/wp\/v2\/types\/page"}],"author":[{"embeddable":true,"href":"https:\/\/pellikaan.com\/be-NL\/wp-json\/wp\/v2\/users\/29"}],"replies":[{"embeddable":true,"href":"https:\/\/pellikaan.com\/be-NL\/wp-json\/wp\/v2\/comments?post=127425"}],"version-history":[{"count":0,"href":"https:\/\/pellikaan.com\/be-NL\/wp-json\/wp\/v2\/pages\/127425\/revisions"}],"wp:attachment":[{"href":"https:\/\/pellikaan.com\/be-NL\/wp-json\/wp\/v2\/media?parent=127425"}],"curies":[{"name":"wp","href":"https:\/\/api.w.org\/{rel}","templated":true}]}}