{"id":127369,"date":"2018-04-12T08:25:41","date_gmt":"2018-04-12T06:25:41","guid":{"rendered":"https:\/\/pellikaan.com\/over-pellikaan\/"},"modified":"2023-07-25T15:16:34","modified_gmt":"2023-07-25T13:16:34","slug":"over-pellikaan","status":"publish","type":"page","link":"https:\/\/pellikaan.com\/be-NL\/over-pellikaan\/","title":{"rendered":"Over Pellikaan"},"content":{"rendered":"<div class=\"wpb-content-wrapper\"><p>[vc_row unlock_row_content=&#8221;yes&#8221; row_height_percent=&#8221;0&#8243; override_padding=&#8221;yes&#8221; h_padding=&#8221;2&#8243; top_padding=&#8221;0&#8243; bottom_padding=&#8221;2&#8243; overlay_alpha=&#8221;50&#8243; gutter_size=&#8221;3&#8243; column_width_percent=&#8221;100&#8243; shift_y=&#8221;0&#8243; z_index=&#8221;0&#8243; el_class=&#8221;fullsize-blog-right&#8221;][vc_column column_width_percent=&#8221;100&#8243; gutter_size=&#8221;3&#8243; back_color=&#8221;color-xsdn&#8221; overlay_alpha=&#8221;50&#8243; shift_x=&#8221;0&#8243; shift_y=&#8221;0&#8243; shift_y_down=&#8221;0&#8243; z_index=&#8221;0&#8243; medium_width=&#8221;0&#8243; mobile_width=&#8221;0&#8243; width=&#8221;9\/12&#8243;][vc_row_inner row_inner_height_percent=&#8221;0&#8243; overlay_alpha=&#8221;50&#8243; gutter_size=&#8221;3&#8243; shift_y=&#8221;0&#8243; z_index=&#8221;0&#8243;][vc_column_inner column_width_percent=&#8221;100&#8243; gutter_size=&#8221;3&#8243; back_color=&#8221;color-xsdn&#8221; overlay_alpha=&#8221;50&#8243; shift_x=&#8221;0&#8243; shift_y=&#8221;-5&#8243; shift_y_down=&#8221;0&#8243; z_index=&#8221;0&#8243; medium_width=&#8221;0&#8243; mobile_width=&#8221;0&#8243; width=&#8221;1\/1&#8243; el_class=&#8221;default-header-block-left&#8221;][vc_custom_heading heading_semantic=&#8221;h1&#8243; text_size=&#8221;h1&#8243;]<\/p>\n<h1 class=\"p1\"><span class=\"s1\">Vertrouwd gebouwd<\/span><\/h1>\n<p>[\/vc_custom_heading][vc_column_text el_class=&#8221;sub_heading&#8221;]<span style=\"font-weight: 400;\">U wilt bouwen met vertrouwde gezichten. Als familiebedrijf begrijpen wij dat maar al te goed. Bij Pellikaan staan we met beide voeten op de grond, maar tegelijkertijd hebben we hoge ambities. Kom gerust eens langs, of breng een bezoek aan een van onze bouwplaatsen.<\/span>[\/vc_column_text][vc_column_text el_class=&#8221;body_text&#8221;]<\/p>\n<h2>Value Engineering<\/h2>\n<p>Pellikaan maakt samen met u doordachte keuzes, gebaseerd op onze jarenlange ervaring. Dankzij onze systematische aanpak in een multidisciplinair bouwteam, bieden we u oplossingen die een grote meerwaarde betekenen voor uw project. Om dit te realiseren maken we dankbaar gebruik van nieuwe technologie: BIM, APROPLAN en LEAN. Met deze laatste zijn we trouwens de eerste in Belgi\u00eb.<\/p>\n<h2>Breed en compleet<\/h2>\n<p>U wilt als opdrachtgever samenwerken met \u00e9\u00e9n partij die uw project zo effici\u00ebnt mogelijk begeleidt. Dat begrijpen wij volledig. Daarom biedt Pellikaan u alle mogelijke combinaties van expertises:<\/p>\n<ul>\n<li>bouwen<\/li>\n<li>design &amp; build in een bouwteam<\/li>\n<li>volledige DBFMO projecten met langjarig onderhoud en exploitatie.<\/li>\n<\/ul>\n<h2>Groen gebouwd<\/h2>\n<p>Door vanaf het prille begin van het bouwproces duurzame keuzes te maken, bespaart u exploitatiekosten in de toekomst. Bovendien laat u de wereld schoner achter. Wel zo aangenaam voor uw kinderen, klein- en achterkleinkinderen.<\/p>\n<h2>The sky is the opportunity<\/h2>\n<p>Bouwen begint bij dromen. Pellikaan zoekt en vindt voor u de gezonde balans tussen ambitie en realiteit. En dan vertalen we \u2018een tof idee\u2019 naar innovatie van de bovenste plank.<\/p>\n<h2>Innovatie kent geen hoogtevrees<\/h2>\n<p>Uw gebouw moet toekomstbestendig zijn. Ook over tien, twintig of zelfs dertig jaar moet het nog afgestemd zijn op de behoeftes van uw eindgebruiker. Dankzij onze jarenlange internationale expertise op het gebied van smart building blijft uw gebouw ook in de toekomst actueel.[\/vc_column_text][\/vc_column_inner][\/vc_row_inner][\/vc_column][vc_column column_width_percent=&#8221;100&#8243; gutter_size=&#8221;3&#8243; back_color=&#8221;color-170804&#8243; overlay_alpha=&#8221;50&#8243; shift_x=&#8221;0&#8243; shift_y=&#8221;0&#8243; shift_y_down=&#8221;0&#8243; z_index=&#8221;0&#8243; medium_width=&#8221;0&#8243; mobile_width=&#8221;0&#8243; width=&#8221;3\/12&#8243;][vc_widget_sidebar sidebar_id=&#8221;over_pellikaan_sidebar_be&#8221;][\/vc_column][\/vc_row][vc_row row_height_percent=&#8221;0&#8243; override_padding=&#8221;yes&#8221; h_padding=&#8221;2&#8243; top_padding=&#8221;0&#8243; bottom_padding=&#8221;0&#8243; overlay_alpha=&#8221;50&#8243; gutter_size=&#8221;0&#8243; column_width_percent=&#8221;100&#8243; shift_y=&#8221;0&#8243; z_index=&#8221;0&#8243; uncode_shortcode_id=&#8221;720326&#8243; el_class=&#8221;default-spacing main-cta-block&#8221;][vc_column width=&#8221;1\/1&#8243;][vc_column_text uncode_shortcode_id=&#8221;561091&#8243;]<div class=\"cta_cover wpb_row row-inner light\"><div class=\"col-lg-1\"><\/div><div class=\"left col-md-5 col-lg-3\" style=\"background-image: url(https:\/\/pellikaan.com\/wp-content\/uploads\/2023\/07\/SvenReynaert-landscape-1-scaled-1.jpg)\"><div class=\"image-overlay\"><div class=\"naam\">Sven Reynaert<\/div><div class=\"role\">Algemeen directeur<\/div><\/div><\/div><div class=\"right col-md-7 col-lg-7\"><div class=\"content\"><h2>Heeft u een vraag? We helpen u graag verder.<\/h2><div class=\"font20\"><p>Stuur een <a href=\"mailto:info@pellikaan.be\">bericht<\/a> of bel ons op <a href=\"tel:027205845\" target=\"_blank\">027205845<\/a>.<\/p><\/div><span class=\"btn-container\"><a href=\"mailto:info@pellikaan.be\" class=\"custom-link btn btn-lg btn-icon-left\">Stel een vraag<\/a><\/span><\/div><\/div><div class=\"col-lg-1\"><\/div><\/div>[\/vc_column_text][\/vc_column][\/vc_row]<\/p>\n<\/div>","protected":false},"excerpt":{"rendered":"<p>[vc_row unlock_row_content=&#8221;yes&#8221; row_height_percent=&#8221;0&#8243; override_padding=&#8221;yes&#8221; h_padding=&#8221;2&#8243; top_padding=&#8221;0&#8243; bottom_padding=&#8221;2&#8243; overlay_alpha=&#8221;50&#8243; gutter_size=&#8221;3&#8243; column_width_percent=&#8221;100&#8243; shift_y=&#8221;0&#8243; z_index=&#8221;0&#8243; el_class=&#8221;fullsize-blog-right&#8221;][vc_column column_width_percent=&#8221;100&#8243; gutter_size=&#8221;3&#8243; back_color=&#8221;color-xsdn&#8221; overlay_alpha=&#8221;50&#8243; shift_x=&#8221;0&#8243; shift_y=&#8221;0&#8243; shift_y_down=&#8221;0&#8243; [&hellip;]<\/p>\n","protected":false},"author":29,"featured_media":127373,"parent":0,"menu_order":82,"comment_status":"open","ping_status":"closed","template":"","meta":{"_acf_changed":false,"footnotes":""},"class_list":["post-127369","page","type-page","status-publish","has-post-thumbnail","hentry"],"acf":[],"_links":{"self":[{"href":"https:\/\/pellikaan.com\/be-NL\/wp-json\/wp\/v2\/pages\/127369","targetHints":{"allow":["GET"]}}],"collection":[{"href":"https:\/\/pellikaan.com\/be-NL\/wp-json\/wp\/v2\/pages"}],"about":[{"href":"https:\/\/pellikaan.com\/be-NL\/wp-json\/wp\/v2\/types\/page"}],"author":[{"embeddable":true,"href":"https:\/\/pellikaan.com\/be-NL\/wp-json\/wp\/v2\/users\/29"}],"replies":[{"embeddable":true,"href":"https:\/\/pellikaan.com\/be-NL\/wp-json\/wp\/v2\/comments?post=127369"}],"version-history":[{"count":0,"href":"https:\/\/pellikaan.com\/be-NL\/wp-json\/wp\/v2\/pages\/127369\/revisions"}],"wp:featuredmedia":[{"embeddable":true,"href":"https:\/\/pellikaan.com\/be-NL\/wp-json\/wp\/v2\/media\/127373"}],"wp:attachment":[{"href":"https:\/\/pellikaan.com\/be-NL\/wp-json\/wp\/v2\/media?parent=127369"}],"curies":[{"name":"wp","href":"https:\/\/api.w.org\/{rel}","templated":true}]}}