{"id":127347,"date":"2018-03-23T14:05:37","date_gmt":"2018-03-23T14:05:37","guid":{"rendered":"https:\/\/pellikaan.com\/expertises\/build\/"},"modified":"2023-07-14T14:00:56","modified_gmt":"2023-07-14T12:00:56","slug":"build","status":"publish","type":"page","link":"https:\/\/pellikaan.com\/be-NL\/expertises\/build\/","title":{"rendered":"Build"},"content":{"rendered":"<div class=\"wpb-content-wrapper\"><p>[vc_row unlock_row_content=&#8221;yes&#8221; row_height_percent=&#8221;0&#8243; override_padding=&#8221;yes&#8221; h_padding=&#8221;2&#8243; top_padding=&#8221;0&#8243; bottom_padding=&#8221;2&#8243; overlay_alpha=&#8221;50&#8243; gutter_size=&#8221;3&#8243; column_width_percent=&#8221;100&#8243; shift_y=&#8221;0&#8243; z_index=&#8221;0&#8243; el_class=&#8221;fullsize-blog-right&#8221;][vc_column column_width_percent=&#8221;100&#8243; gutter_size=&#8221;3&#8243; back_color=&#8221;color-xsdn&#8221; overlay_alpha=&#8221;50&#8243; shift_x=&#8221;0&#8243; shift_y=&#8221;0&#8243; shift_y_down=&#8221;0&#8243; z_index=&#8221;0&#8243; medium_width=&#8221;0&#8243; mobile_width=&#8221;0&#8243; width=&#8221;9\/12&#8243;][vc_row_inner row_inner_height_percent=&#8221;0&#8243; overlay_alpha=&#8221;50&#8243; gutter_size=&#8221;3&#8243; shift_y=&#8221;0&#8243; z_index=&#8221;0&#8243;][vc_column_inner column_width_percent=&#8221;100&#8243; gutter_size=&#8221;3&#8243; back_color=&#8221;color-xsdn&#8221; overlay_alpha=&#8221;50&#8243; shift_x=&#8221;0&#8243; shift_y=&#8221;-5&#8243; shift_y_down=&#8221;0&#8243; z_index=&#8221;0&#8243; medium_width=&#8221;0&#8243; mobile_width=&#8221;0&#8243; width=&#8221;1\/1&#8243; el_class=&#8221;default-header-block-left&#8221;][vc_custom_heading heading_semantic=&#8221;h1&#8243; text_size=&#8221;h1&#8243;]<\/p>\n<h1 class=\"p1\"><span class=\"s1\">Samen stevig in de steigers<\/span><\/h1>\n<p>[\/vc_custom_heading][vc_column_text el_class=&#8221;sub_heading&#8221;]Een project valt of staat bij duidelijke afspraken. Daar zorgen wij wel voor. Binnen de afgesproken de tijd, binnen het budget en met \u00e9\u00e9n vertrouwd gezicht: dat is onze manier van werken.[\/vc_column_text][vc_column_text el_class=&#8221;body_text&#8221;]<\/p>\n<h2>Afspraak = afspraak<\/h2>\n<p>Een bouwproject is een turbulente en soms hectische onderneming. Daarom wilt u als opdrachtgever zeker zijn dat alles goed geregeld en op mekaar afgestemd is. Pellikaan houdt u tijdens het hele project op de hoogte van de vorderingen. Door in kleine teams samen te werken, met lokale onderaannemers, behalen we voor u het beste resultaat<\/p>\n<h2>E\u00e9n vast gezicht<\/h2>\n<p>Een vast aanspreekpunt houdt de communicatie tussen alle betrokken partijen duidelijk en overzichtelijk. Uiteindelijk hebben we allemaal hetzelfde doel: een goed functionerend gebouw neerzetten volgens uw wensen. Binnen het afgesproken budget en binnen de afgesproken termijn. [\/vc_column_text][\/vc_column_inner][\/vc_row_inner][\/vc_column][vc_column column_width_percent=&#8221;100&#8243; gutter_size=&#8221;3&#8243; back_color=&#8221;color-170804&#8243; overlay_alpha=&#8221;50&#8243; shift_x=&#8221;0&#8243; shift_y=&#8221;0&#8243; shift_y_down=&#8221;0&#8243; z_index=&#8221;0&#8243; medium_width=&#8221;0&#8243; mobile_width=&#8221;0&#8243; width=&#8221;3\/12&#8243;][vc_widget_sidebar sidebar_id=&#8221;expertises-be&#8221;][\/vc_column][\/vc_row][vc_row row_height_percent=&#8221;0&#8243; override_padding=&#8221;yes&#8221; h_padding=&#8221;2&#8243; top_padding=&#8221;0&#8243; bottom_padding=&#8221;0&#8243; overlay_alpha=&#8221;50&#8243; gutter_size=&#8221;0&#8243; column_width_percent=&#8221;100&#8243; shift_y=&#8221;0&#8243; z_index=&#8221;0&#8243; uncode_shortcode_id=&#8221;720326&#8243; el_class=&#8221;default-spacing main-cta-block&#8221;][vc_column width=&#8221;1\/1&#8243;][vc_column_text]<div class=\"cta_cover wpb_row row-inner light\"><div class=\"col-lg-1\"><\/div><div class=\"left col-md-5 col-lg-3\" style=\"background-image: url(https:\/\/pellikaan.com\/wp-content\/uploads\/2018\/11\/eddy_vanden_heuvel.jpg)\"><div class=\"image-overlay\"><div class=\"naam\">Eddy Vanden Heuvel<\/div><div class=\"role\">Commercieel Directeur<\/div><\/div><\/div><div class=\"right col-md-7 col-lg-7\"><div class=\"content\"><h2>Heeft u een vraag? We helpen u graag verder.<\/h2><div class=\"font20\"><p>Stuur een <a href=\"mailto:info@pellikaan.be\">bericht<\/a> of bel ons op <a href=\"tel:027205845\" target=\"_blank\">027205845<\/a>.<\/p><\/div><span class=\"btn-container\"><a href=\"mailto:info@pellikaan.be\" class=\"custom-link btn btn-lg btn-icon-left\">Stel een vraag<\/a><\/span><\/div><\/div><div class=\"col-lg-1\"><\/div><\/div>[\/vc_column_text][\/vc_column][\/vc_row]<\/p>\n<\/div>","protected":false},"excerpt":{"rendered":"<p>E\u00e9n prijs. E\u00e9n contactpersoon. E\u00e9n garantie: die van Pellikaan. Geen kleine lettertjes, geen \u2018onder voorbehoud\u2019. Succes begint met transparantie en duidelijkheid. Benieuwd hoe we uw project laten slagen? Maak eens een afspraak.<\/p>\n","protected":false},"author":29,"featured_media":127352,"parent":127303,"menu_order":3,"comment_status":"closed","ping_status":"closed","template":"","meta":{"_acf_changed":false,"footnotes":""},"class_list":["post-127347","page","type-page","status-publish","has-post-thumbnail","hentry"],"acf":[],"_links":{"self":[{"href":"https:\/\/pellikaan.com\/be-NL\/wp-json\/wp\/v2\/pages\/127347","targetHints":{"allow":["GET"]}}],"collection":[{"href":"https:\/\/pellikaan.com\/be-NL\/wp-json\/wp\/v2\/pages"}],"about":[{"href":"https:\/\/pellikaan.com\/be-NL\/wp-json\/wp\/v2\/types\/page"}],"author":[{"embeddable":true,"href":"https:\/\/pellikaan.com\/be-NL\/wp-json\/wp\/v2\/users\/29"}],"replies":[{"embeddable":true,"href":"https:\/\/pellikaan.com\/be-NL\/wp-json\/wp\/v2\/comments?post=127347"}],"version-history":[{"count":0,"href":"https:\/\/pellikaan.com\/be-NL\/wp-json\/wp\/v2\/pages\/127347\/revisions"}],"up":[{"embeddable":true,"href":"https:\/\/pellikaan.com\/be-NL\/wp-json\/wp\/v2\/pages\/127303"}],"wp:featuredmedia":[{"embeddable":true,"href":"https:\/\/pellikaan.com\/be-NL\/wp-json\/wp\/v2\/media\/127352"}],"wp:attachment":[{"href":"https:\/\/pellikaan.com\/be-NL\/wp-json\/wp\/v2\/media?parent=127347"}],"curies":[{"name":"wp","href":"https:\/\/api.w.org\/{rel}","templated":true}]}}