{"id":127303,"date":"2018-04-20T10:21:48","date_gmt":"2018-04-20T10:21:48","guid":{"rendered":"https:\/\/pellikaan.com\/expertises\/"},"modified":"2023-07-25T15:19:41","modified_gmt":"2023-07-25T13:19:41","slug":"expertises","status":"publish","type":"page","link":"https:\/\/pellikaan.com\/be-NL\/expertises\/","title":{"rendered":"Expertises"},"content":{"rendered":"<div class=\"wpb-content-wrapper\"><p>[vc_row unlock_row_content=&#8221;yes&#8221; row_height_percent=&#8221;0&#8243; override_padding=&#8221;yes&#8221; h_padding=&#8221;2&#8243; top_padding=&#8221;0&#8243; bottom_padding=&#8221;2&#8243; overlay_alpha=&#8221;50&#8243; gutter_size=&#8221;3&#8243; column_width_percent=&#8221;100&#8243; shift_y=&#8221;0&#8243; z_index=&#8221;0&#8243; el_class=&#8221;fullsize-blog-right&#8221;][vc_column column_width_percent=&#8221;100&#8243; gutter_size=&#8221;3&#8243; back_color=&#8221;color-xsdn&#8221; overlay_alpha=&#8221;50&#8243; shift_x=&#8221;0&#8243; shift_y=&#8221;0&#8243; shift_y_down=&#8221;0&#8243; z_index=&#8221;0&#8243; medium_width=&#8221;0&#8243; mobile_width=&#8221;0&#8243; width=&#8221;9\/12&#8243;][vc_row_inner row_inner_height_percent=&#8221;0&#8243; overlay_alpha=&#8221;50&#8243; gutter_size=&#8221;3&#8243; shift_y=&#8221;0&#8243; z_index=&#8221;0&#8243;][vc_column_inner column_width_percent=&#8221;100&#8243; gutter_size=&#8221;3&#8243; back_color=&#8221;color-xsdn&#8221; overlay_alpha=&#8221;50&#8243; shift_x=&#8221;0&#8243; shift_y=&#8221;-5&#8243; shift_y_down=&#8221;0&#8243; z_index=&#8221;0&#8243; medium_width=&#8221;0&#8243; mobile_width=&#8221;0&#8243; width=&#8221;1\/1&#8243; el_class=&#8221;default-header-block-left&#8221;][vc_custom_heading heading_semantic=&#8221;h1&#8243; text_size=&#8221;h1&#8243;]<\/p>\n<h1 class=\"p1\"><span class=\"s1\">Expertises<\/span><\/h1>\n<p>[\/vc_custom_heading][vc_column_text el_class=&#8221;sub_heading&#8221;]<span style=\"font-weight: 400;\">Pellikaan biedt u een totaalpakket. Van uw eerste idee tot ver na de opening van uw gebouw. Van build only of design &amp; build projecten tot en met het volledige plaatje: design build finance maintain operate (DBFMO). Zo optimaliseren we uw nieuwe plannen, of zorgen we ervoor we dat uw bestaande plannen u zoveel mogelijk rendement opleveren, ook op lange termijn.<\/span>[\/vc_column_text][\/vc_column_inner][\/vc_row_inner][vc_row_inner row_inner_height_percent=&#8221;0&#8243; overlay_alpha=&#8221;50&#8243; gutter_size=&#8221;3&#8243; shift_y=&#8221;0&#8243; z_index=&#8221;0&#8243;][vc_column_inner column_width_percent=&#8221;100&#8243; gutter_size=&#8221;3&#8243; overlay_alpha=&#8221;50&#8243; shift_x=&#8221;0&#8243; shift_y=&#8221;0&#8243; shift_y_down=&#8221;0&#8243; z_index=&#8221;0&#8243; medium_width=&#8221;0&#8243; mobile_width=&#8221;0&#8243; width=&#8221;1\/1&#8243; el_class=&#8221;default-content-block&#8221;][vc_column_text]<div class=\"serv_cover\"><a href=\"https:\/\/pellikaan.com\/be-NL\/expertises\/design\/\" class=\"serv_single_cover\"><div class=\"visual\"><img decoding=\"async\" src=\"https:\/\/pellikaan.com\/wp-content\/uploads\/2018\/06\/design-pellikaan-header.jpg\" \/><\/div><div class=\"data\"><h3>Design<\/h3><div class=\"font20\"><p>Pellikaan vertaalt uw idee naar een helder en realistisch schetsontwerp. We helpen u graag bij het kiezen van innovatief materiaal, personeel en routing.<\/p><\/div><\/div><\/a><a href=\"https:\/\/pellikaan.com\/be-NL\/expertises\/build\/\" class=\"serv_single_cover\"><div class=\"visual\"><img decoding=\"async\" src=\"https:\/\/pellikaan.com\/wp-content\/uploads\/2018\/06\/build-pellikaan-header.jpg\" \/><\/div><div class=\"data\"><h3>Build<\/h3><div class=\"font20\"><p>E\u00e9n prijs. E\u00e9n contactpersoon. E\u00e9n garantie: die van Pellikaan. Geen kleine lettertjes, geen \u2018onder voorbehoud\u2019. Succes begint met transparantie en duidelijkheid. Benieuwd hoe we uw project laten slagen? Maak eens een afspraak.<\/p><\/div><\/div><\/a><a href=\"https:\/\/pellikaan.com\/be-NL\/expertises\/maintain\/\" class=\"serv_single_cover\"><div class=\"visual\"><img decoding=\"async\" src=\"https:\/\/pellikaan.com\/wp-content\/uploads\/2018\/06\/maintain-pellikaan-header.jpg\" \/><\/div><div class=\"data\"><h3>Maintain<\/h3><div class=\"font20\"><p>Uw gebouw moet minstens een leven lang mee. Laat daarom ook het langjarig onderhoud over aan Pellikaan. Samen met onze partners zorgen we ervoor dat uw gebouw de tand des tijds doorstaat.<\/p><\/div><\/div><\/a><a href=\"https:\/\/pellikaan.com\/be-NL\/expertises\/operate\/\" class=\"serv_single_cover\"><div class=\"visual\"><img decoding=\"async\" src=\"https:\/\/pellikaan.com\/wp-content\/uploads\/2018\/06\/operate-pellikaan-header.jpg\" \/><\/div><div class=\"data\"><h3>Operate<\/h3><div class=\"font20\"><p>Waarom het wiel opnieuw uitvinden, als u kunt bouwen op onze exploitatie-ervaring in utiliteits- en sportprojecten? Maak gebruik van veertig jaar ervaring met 1,5 miljoen gebruikers. <\/p><\/div><\/div><\/a><\/div>[\/vc_column_text][\/vc_column_inner][\/vc_row_inner][vc_row_inner row_inner_height_percent=&#8221;0&#8243; overlay_alpha=&#8221;50&#8243; gutter_size=&#8221;3&#8243; shift_y=&#8221;0&#8243; z_index=&#8221;0&#8243; css=&#8221;.vc_custom_1525186928494{margin-bottom: 36px !important;}&#8221;][vc_column_inner column_width_percent=&#8221;100&#8243; gutter_size=&#8221;3&#8243; overlay_alpha=&#8221;50&#8243; shift_x=&#8221;0&#8243; shift_y=&#8221;0&#8243; shift_y_down=&#8221;0&#8243; z_index=&#8221;0&#8243; medium_width=&#8221;0&#8243; mobile_width=&#8221;0&#8243; width=&#8221;1\/1&#8243; el_class=&#8221;default-header-block-left&#8221;][vc_icon position=&#8221;left&#8221; display=&#8221;inline&#8221; icon=&#8221;fa fa-caret-right&#8221; icon_color=&#8221;color-120138&#8243; el_class=&#8221;display-none&#8221;]Lean[\/vc_icon][vc_icon position=&#8221;left&#8221; display=&#8221;inline&#8221; icon=&#8221;fa fa-caret-right&#8221; icon_color=&#8221;color-120138&#8243; el_class=&#8221;display-none&#8221;]Pull planning[\/vc_icon][vc_icon position=&#8221;left&#8221; display=&#8221;inline&#8221; icon=&#8221;fa fa-caret-right&#8221; icon_color=&#8221;color-120138&#8243; el_class=&#8221;display-none&#8221;]Concurrent engineering[\/vc_icon][vc_icon position=&#8221;left&#8221; display=&#8221;inline&#8221; icon=&#8221;fa fa-caret-right&#8221; icon_color=&#8221;color-120138&#8243; el_class=&#8221;display-none&#8221;]BIM[\/vc_icon][vc_icon position=&#8221;left&#8221; display=&#8221;inline&#8221; icon=&#8221;fa fa-caret-right&#8221; icon_color=&#8221;color-120138&#8243; el_class=&#8221;display-none&#8221;]APROPLAN[\/vc_icon][\/vc_column_inner][\/vc_row_inner][\/vc_column][vc_column column_width_percent=&#8221;100&#8243; gutter_size=&#8221;3&#8243; back_color=&#8221;color-170804&#8243; overlay_alpha=&#8221;50&#8243; shift_x=&#8221;0&#8243; shift_y=&#8221;0&#8243; shift_y_down=&#8221;0&#8243; z_index=&#8221;0&#8243; medium_width=&#8221;0&#8243; mobile_width=&#8221;0&#8243; width=&#8221;3\/12&#8243;][vc_widget_sidebar sidebar_id=&#8221;expertises-be&#8221;][\/vc_column][\/vc_row][vc_row row_height_percent=&#8221;0&#8243; override_padding=&#8221;yes&#8221; h_padding=&#8221;2&#8243; top_padding=&#8221;0&#8243; bottom_padding=&#8221;0&#8243; overlay_alpha=&#8221;50&#8243; gutter_size=&#8221;0&#8243; column_width_percent=&#8221;100&#8243; shift_y=&#8221;0&#8243; z_index=&#8221;0&#8243; uncode_shortcode_id=&#8221;720326&#8243; el_class=&#8221;default-spacing main-cta-block&#8221;][vc_column width=&#8221;1\/1&#8243;][vc_column_text uncode_shortcode_id=&#8221;134712&#8243;]<div class=\"cta_cover wpb_row row-inner light\"><div class=\"col-lg-1\"><\/div><div class=\"left col-md-5 col-lg-3\" style=\"background-image: url(https:\/\/pellikaan.com\/wp-content\/uploads\/2023\/07\/SvenReynaert-landscape-1-scaled-1.jpg)\"><div class=\"image-overlay\"><div class=\"naam\">Sven Reynaert<\/div><div class=\"role\">Algemeen directeur<\/div><\/div><\/div><div class=\"right col-md-7 col-lg-7\"><div class=\"content\"><h2>Heeft u een vraag? We helpen u graag verder.<\/h2><div class=\"font20\"><p>Stuur een <a href=\"mailto:info@pellikaan.be\">bericht<\/a> of bel ons op <a href=\"tel:027205845\" target=\"_blank\">027205845<\/a>.<\/p><\/div><span class=\"btn-container\"><a href=\"mailto:info@pellikaan.be\" class=\"custom-link btn btn-lg btn-icon-left\">Stel een vraag<\/a><\/span><\/div><\/div><div class=\"col-lg-1\"><\/div><\/div>[\/vc_column_text][\/vc_column][\/vc_row]<\/p>\n<\/div>","protected":false},"excerpt":{"rendered":"<p>[vc_row unlock_row_content=&#8221;yes&#8221; row_height_percent=&#8221;0&#8243; override_padding=&#8221;yes&#8221; h_padding=&#8221;2&#8243; top_padding=&#8221;0&#8243; bottom_padding=&#8221;2&#8243; overlay_alpha=&#8221;50&#8243; gutter_size=&#8221;3&#8243; column_width_percent=&#8221;100&#8243; shift_y=&#8221;0&#8243; z_index=&#8221;0&#8243; el_class=&#8221;fullsize-blog-right&#8221;][vc_column column_width_percent=&#8221;100&#8243; gutter_size=&#8221;3&#8243; back_color=&#8221;color-xsdn&#8221; overlay_alpha=&#8221;50&#8243; shift_x=&#8221;0&#8243; shift_y=&#8221;0&#8243; shift_y_down=&#8221;0&#8243; [&hellip;]<\/p>\n","protected":false},"author":29,"featured_media":127307,"parent":0,"menu_order":39,"comment_status":"open","ping_status":"closed","template":"","meta":{"_acf_changed":false,"footnotes":""},"class_list":["post-127303","page","type-page","status-publish","has-post-thumbnail","hentry"],"acf":[],"_links":{"self":[{"href":"https:\/\/pellikaan.com\/be-NL\/wp-json\/wp\/v2\/pages\/127303","targetHints":{"allow":["GET"]}}],"collection":[{"href":"https:\/\/pellikaan.com\/be-NL\/wp-json\/wp\/v2\/pages"}],"about":[{"href":"https:\/\/pellikaan.com\/be-NL\/wp-json\/wp\/v2\/types\/page"}],"author":[{"embeddable":true,"href":"https:\/\/pellikaan.com\/be-NL\/wp-json\/wp\/v2\/users\/29"}],"replies":[{"embeddable":true,"href":"https:\/\/pellikaan.com\/be-NL\/wp-json\/wp\/v2\/comments?post=127303"}],"version-history":[{"count":0,"href":"https:\/\/pellikaan.com\/be-NL\/wp-json\/wp\/v2\/pages\/127303\/revisions"}],"wp:featuredmedia":[{"embeddable":true,"href":"https:\/\/pellikaan.com\/be-NL\/wp-json\/wp\/v2\/media\/127307"}],"wp:attachment":[{"href":"https:\/\/pellikaan.com\/be-NL\/wp-json\/wp\/v2\/media?parent=127303"}],"curies":[{"name":"wp","href":"https:\/\/api.w.org\/{rel}","templated":true}]}}